{"id":2897,"date":"2023-12-09T17:09:13","date_gmt":"2023-12-09T16:09:13","guid":{"rendered":"https:\/\/www.lamaisonfives.com\/cart\/"},"modified":"2025-06-12T09:41:34","modified_gmt":"2025-06-12T07:41:34","slug":"cart","status":"publish","type":"page","link":"https:\/\/www.lamaisonfives.com\/en\/cart\/","title":{"rendered":"Cart"},"content":{"rendered":"\n<div data-block-name=\"woocommerce\/cart\" class=\"wp-block-woocommerce-cart alignwide is-loading\">\n<div data-block-name=\"woocommerce\/filled-cart-block\" class=\"wp-block-woocommerce-filled-cart-block\">\n<div data-block-name=\"woocommerce\/cart-items-block\" class=\"wp-block-woocommerce-cart-items-block\">\n<div data-block-name=\"woocommerce\/cart-line-items-block\" class=\"wp-block-woocommerce-cart-line-items-block\"><\/div>\n\n\n\n<div data-block-name=\"woocommerce\/cart-cross-sells-block\" class=\"wp-block-woocommerce-cart-cross-sells-block\">\n<h2 class=\"wp-block-heading has-large-font-size\">\u00c7a peut vous int\u00e9resser&#8230;<\/h2>\n\n\n\n<div data-block-name=\"woocommerce\/cart-cross-sells-products-block\" class=\"wp-block-woocommerce-cart-cross-sells-products-block\"><\/div>\n<\/div>\n<\/div>\n\n\n\n<div data-block-name=\"woocommerce\/cart-totals-block\" class=\"wp-block-woocommerce-cart-totals-block\">\n<div data-block-name=\"woocommerce\/cart-order-summary-block\" class=\"wp-block-woocommerce-cart-order-summary-block\">\n<div data-block-name=\"woocommerce\/cart-order-summary-heading-block\" class=\"wp-block-woocommerce-cart-order-summary-heading-block\"><\/div><div data-block-name=\"woocommerce\/cart-order-summary-coupon-form-block\" class=\"wp-block-woocommerce-cart-order-summary-coupon-form-block\"><\/div><div data-block-name=\"woocommerce\/cart-order-summary-totals-block\" class=\"wp-block-woocommerce-cart-order-summary-totals-block\">\n<div data-block-name=\"woocommerce\/cart-order-summary-subtotal-block\" class=\"wp-block-woocommerce-cart-order-summary-subtotal-block\"><\/div>\n<div data-block-name=\"woocommerce\/cart-order-summary-discount-block\" class=\"wp-block-woocommerce-cart-order-summary-discount-block\"><\/div>\n<div data-block-name=\"woocommerce\/cart-order-summary-fee-block\" class=\"wp-block-woocommerce-cart-order-summary-fee-block\"><\/div>\n<div data-block-name=\"woocommerce\/cart-order-summary-shipping-block\" class=\"wp-block-woocommerce-cart-order-summary-shipping-block\"><\/div>\n<div data-block-name=\"woocommerce\/cart-order-summary-taxes-block\" class=\"wp-block-woocommerce-cart-order-summary-taxes-block\"><\/div><\/div>\n<\/div>\n\n\n\n<div data-block-name=\"woocommerce\/cart-express-payment-block\" class=\"wp-block-woocommerce-cart-express-payment-block\"><\/div>\n\n\n\n<div data-block-name=\"woocommerce\/proceed-to-checkout-block\" class=\"wp-block-woocommerce-proceed-to-checkout-block\"><\/div>\n\n\n\n<div data-block-name=\"woocommerce\/cart-accepted-payment-methods-block\" class=\"wp-block-woocommerce-cart-accepted-payment-methods-block\"><\/div>\n<\/div>\n<\/div>\n\n\n\n<div data-block-name=\"woocommerce\/empty-cart-block\" class=\"wp-block-woocommerce-empty-cart-block\">\n<h2 class=\"wp-block-heading has-text-align-center with-empty-cart-icon wc-block-cart__empty-cart__title\">Votre panier est actuellement vide\u00a0!<\/h2>\n\n\n\n<hr class=\"wp-block-separator has-alpha-channel-opacity is-style-dots\"\/>\n\n\n\n<h2 class=\"wp-block-heading has-text-align-center\">Nouveau dans la boutique<\/h2>\n\n\n<div data-block-name=\"woocommerce\/product-new\" data-columns=\"4\" data-rows=\"1\" class=\"wc-block-grid wp-block-product-new wp-block-woocommerce-product-new wc-block-product-new has-4-columns\"><ul class=\"wc-block-grid__products\"><li class=\"wc-block-grid__product\">\n\t\t\t\t<a href=\"https:\/\/www.lamaisonfives.com\/en\/produit\/plat-gres-engobe-ecrue-email-transparent-piece-unique\/\" class=\"wc-block-grid__product-link\">\n\t\t\t\t\t\n\t\t\t\t\t<div class=\"wc-block-grid__product-image\"><img decoding=\"async\" width=\"1500\" height=\"1904\" data-src=\"https:\/\/www.lamaisonfives.com\/wp-content\/uploads\/2025\/06\/20250612_124855-1500x1904.jpg\" class=\"attachment-woocommerce_thumbnail size-woocommerce_thumbnail lazyload\" alt=\"Plat creux en c\u00e9ramique artisanale \u2013 gr\u00e8s rouge chamott\u00e9, engobe \u00e9crue \u2013 tourn\u00e9 main \u00e0 Lille Fives\" data-srcset=\"https:\/\/www.lamaisonfives.com\/wp-content\/uploads\/2025\/06\/20250612_124855-1500x1904.jpg 1500w, https:\/\/www.lamaisonfives.com\/wp-content\/uploads\/2025\/06\/20250612_124855-1280x1625.jpg 1280w, https:\/\/www.lamaisonfives.com\/wp-content\/uploads\/2025\/06\/20250612_124855-980x1244.jpg 980w, https:\/\/www.lamaisonfives.com\/wp-content\/uploads\/2025\/06\/20250612_124855-480x609.jpg 480w\" data-sizes=\"(min-width: 0px) and (max-width: 480px) 480px, (min-width: 481px) and (max-width: 980px) 980px, (min-width: 981px) and (max-width: 1280px) 1280px, (min-width: 1281px) 1500px, 100vw\" src=\"data:image\/gif;base64,R0lGODlhAQABAAAAACH5BAEKAAEALAAAAAABAAEAAAICTAEAOw==\" style=\"--smush-placeholder-width: 1500px; --smush-placeholder-aspect-ratio: 1500\/1904;\" \/><\/div>\n\t\t\t\t\t<div class=\"wc-block-grid__product-title\">Plat creux en c\u00e9ramique artisanale \u2013 gr\u00e8s rouge chamott\u00e9, engobe \u00e9crue \u2013 tourn\u00e9 main \u00e0 Lille Fives<\/div>\n\t\t\t\t<\/a>\n\t\t\t\t<div class=\"wc-block-grid__product-price price\"><span class=\"woocommerce-Price-amount amount\">45,00&nbsp;<span class=\"woocommerce-Price-currencySymbol\">&euro;<\/span><\/span><\/div>\n\t\t\t\t\n\t\t\t\t<div class=\"wp-block-button wc-block-grid__product-add-to-cart\"><a href=\"\/en\/wp-json\/wp\/v2\/pages\/2897?add-to-cart=4876\" aria-label=\"Add to cart: &ldquo;Plat creux en c\u00e9ramique artisanale \u2013 gr\u00e8s rouge chamott\u00e9, engobe \u00e9crue \u2013 tourn\u00e9 main \u00e0 Lille Fives&rdquo;\" data-quantity=\"1\" data-product_id=\"4876\" data-product_sku=\"1-1-1-1-1-1-1-1-2-2-1-1-1-1-1-1-1-1-1-2-1-1-1-1-1-2\" data-price=\"45\" rel=\"nofollow\" class=\"wp-block-button__link  add_to_cart_button ajax_add_to_cart\">Add to cart<\/a><\/div>\n\t\t\t<\/li><li class=\"wc-block-grid__product\">\n\t\t\t\t<a href=\"https:\/\/www.lamaisonfives.com\/en\/produit\/porte-savon-galet-gres-pyrite-dessin-crayon\/\" class=\"wc-block-grid__product-link\">\n\t\t\t\t\t\n\t\t\t\t\t<div class=\"wc-block-grid__product-image\"><img decoding=\"async\" width=\"1500\" height=\"1666\" data-src=\"https:\/\/www.lamaisonfives.com\/wp-content\/uploads\/2025\/06\/20250612_125255-1500x1666.jpg\" class=\"attachment-woocommerce_thumbnail size-woocommerce_thumbnail lazyload\" alt=\"Porte-savon en c\u00e9ramique artisanale \u2013 galet en gr\u00e8s pyrit\u00e9, dessin au crayon oxyd\u00e9, \u00e9maill\u00e9 transparent, pi\u00e8ce unique tourn\u00e9e main \u00e0 Lille Fives\" data-srcset=\"https:\/\/www.lamaisonfives.com\/wp-content\/uploads\/2025\/06\/20250612_125255-1500x1666.jpg 1500w, https:\/\/www.lamaisonfives.com\/wp-content\/uploads\/2025\/06\/20250612_125255-1280x1422.jpg 1280w, https:\/\/www.lamaisonfives.com\/wp-content\/uploads\/2025\/06\/20250612_125255-980x1089.jpg 980w, https:\/\/www.lamaisonfives.com\/wp-content\/uploads\/2025\/06\/20250612_125255-480x533.jpg 480w\" data-sizes=\"(min-width: 0px) and (max-width: 480px) 480px, (min-width: 481px) and (max-width: 980px) 980px, (min-width: 981px) and (max-width: 1280px) 1280px, (min-width: 1281px) 1500px, 100vw\" src=\"data:image\/gif;base64,R0lGODlhAQABAAAAACH5BAEKAAEALAAAAAABAAEAAAICTAEAOw==\" style=\"--smush-placeholder-width: 1500px; --smush-placeholder-aspect-ratio: 1500\/1666;\" \/><\/div>\n\t\t\t\t\t<div class=\"wc-block-grid__product-title\">Porte-savon en c\u00e9ramique artisanale \u2013 galet en gr\u00e8s pyrit\u00e9, dessin au crayon oxyd\u00e9, \u00e9maill\u00e9 transparent, pi\u00e8ce unique tourn\u00e9e main \u00e0 Lille Fives<\/div>\n\t\t\t\t<\/a>\n\t\t\t\t<div class=\"wc-block-grid__product-price price\"><span class=\"woocommerce-Price-amount amount\">12,00&nbsp;<span class=\"woocommerce-Price-currencySymbol\">&euro;<\/span><\/span><\/div>\n\t\t\t\t\n\t\t\t\t<div class=\"wp-block-button wc-block-grid__product-add-to-cart\"><a href=\"https:\/\/www.lamaisonfives.com\/en\/produit\/porte-savon-galet-gres-pyrite-dessin-crayon\/\" aria-label=\"Select options for &ldquo;Porte-savon en c\u00e9ramique artisanale \u2013 galet en gr\u00e8s pyrit\u00e9, dessin au crayon oxyd\u00e9, \u00e9maill\u00e9 transparent, pi\u00e8ce unique tourn\u00e9e main \u00e0 Lille Fives&rdquo;\" data-quantity=\"1\" data-product_id=\"4832\" data-product_sku=\"1-1-1-1-1-1-1-1-2-2-1-1-1-1-1-1-1-1-1-2-1-1-1-1-1-1\" data-price=\"12\" rel=\"nofollow\" class=\"wp-block-button__link  add_to_cart_button\">Select options<\/a><\/div>\n\t\t\t<\/li><li class=\"wc-block-grid__product\">\n\t\t\t\t<a href=\"https:\/\/www.lamaisonfives.com\/en\/produit\/cloche-fromage-gres-blanc-bouton-rose-artisanale\/\" class=\"wc-block-grid__product-link\">\n\t\t\t\t\t\n\t\t\t\t\t<div class=\"wc-block-grid__product-image\"><img decoding=\"async\" width=\"1500\" height=\"1376\" data-src=\"https:\/\/www.lamaisonfives.com\/wp-content\/uploads\/2025\/06\/20250612_124653-1500x1376.jpg\" class=\"attachment-woocommerce_thumbnail size-woocommerce_thumbnail lazyload\" alt=\"Cloche \u00e0 fromage en c\u00e9ramique artisanale \u2013 gr\u00e8s blanc pyrit\u00e9, bouton ros\u00e9, tourn\u00e9e main \u00e0 Lille Fives\" data-srcset=\"https:\/\/www.lamaisonfives.com\/wp-content\/uploads\/2025\/06\/20250612_124653-1500x1376.jpg 1500w, https:\/\/www.lamaisonfives.com\/wp-content\/uploads\/2025\/06\/20250612_124653-1280x1174.jpg 1280w, https:\/\/www.lamaisonfives.com\/wp-content\/uploads\/2025\/06\/20250612_124653-980x899.jpg 980w, https:\/\/www.lamaisonfives.com\/wp-content\/uploads\/2025\/06\/20250612_124653-480x440.jpg 480w\" data-sizes=\"(min-width: 0px) and (max-width: 480px) 480px, (min-width: 481px) and (max-width: 980px) 980px, (min-width: 981px) and (max-width: 1280px) 1280px, (min-width: 1281px) 1500px, 100vw\" src=\"data:image\/gif;base64,R0lGODlhAQABAAAAACH5BAEKAAEALAAAAAABAAEAAAICTAEAOw==\" style=\"--smush-placeholder-width: 1500px; --smush-placeholder-aspect-ratio: 1500\/1376;\" \/><\/div>\n\t\t\t\t\t<div class=\"wc-block-grid__product-title\">Cloche \u00e0 fromage en c\u00e9ramique artisanale \u2013 gr\u00e8s blanc pyrit\u00e9, bouton ros\u00e9, tourn\u00e9e main \u00e0 Lille Fives<\/div>\n\t\t\t\t<\/a>\n\t\t\t\t<div class=\"wc-block-grid__product-price price\"><span class=\"woocommerce-Price-amount amount\">55,00&nbsp;<span class=\"woocommerce-Price-currencySymbol\">&euro;<\/span><\/span><\/div>\n\t\t\t\t\n\t\t\t\t<div class=\"wp-block-button wc-block-grid__product-add-to-cart\"><a href=\"\/en\/wp-json\/wp\/v2\/pages\/2897?add-to-cart=4813\" aria-label=\"Add to cart: &ldquo;Cloche \u00e0 fromage en c\u00e9ramique artisanale \u2013 gr\u00e8s blanc pyrit\u00e9, bouton ros\u00e9, tourn\u00e9e main \u00e0 Lille Fives&rdquo;\" data-quantity=\"1\" data-product_id=\"4813\" data-product_sku=\"1-1-1-1-1-1-1-1-2-2-1-1-1-1-1-1-1-1-1-2-1-1-1-1-1\" data-price=\"55\" rel=\"nofollow\" class=\"wp-block-button__link  add_to_cart_button ajax_add_to_cart\">Add to cart<\/a><\/div>\n\t\t\t<\/li><li class=\"wc-block-grid__product\">\n\t\t\t\t<a href=\"https:\/\/www.lamaisonfives.com\/en\/produit\/bol-artisanal-trame-engobe-rose\/\" class=\"wc-block-grid__product-link\">\n\t\t\t\t\t\n\t\t\t\t\t<div class=\"wc-block-grid__product-image\"><img decoding=\"async\" width=\"1500\" height=\"1662\" data-src=\"https:\/\/www.lamaisonfives.com\/wp-content\/uploads\/2025\/06\/20250612_124434-1500x1662.jpg\" class=\"attachment-woocommerce_thumbnail size-woocommerce_thumbnail lazyload\" alt=\"Bols \u201ctrame rose\u201d \u2014 lignes tiss\u00e9es sur gr\u00e8s brut, fabriqu\u00e9 \u00e0 Lille Fives\" data-srcset=\"https:\/\/www.lamaisonfives.com\/wp-content\/uploads\/2025\/06\/20250612_124434-1500x1662.jpg 1500w, https:\/\/www.lamaisonfives.com\/wp-content\/uploads\/2025\/06\/20250612_124434-1280x1418.jpg 1280w, https:\/\/www.lamaisonfives.com\/wp-content\/uploads\/2025\/06\/20250612_124434-980x1086.jpg 980w, https:\/\/www.lamaisonfives.com\/wp-content\/uploads\/2025\/06\/20250612_124434-480x532.jpg 480w\" data-sizes=\"(min-width: 0px) and (max-width: 480px) 480px, (min-width: 481px) and (max-width: 980px) 980px, (min-width: 981px) and (max-width: 1280px) 1280px, (min-width: 1281px) 1500px, 100vw\" src=\"data:image\/gif;base64,R0lGODlhAQABAAAAACH5BAEKAAEALAAAAAABAAEAAAICTAEAOw==\" style=\"--smush-placeholder-width: 1500px; --smush-placeholder-aspect-ratio: 1500\/1662;\" \/><\/div>\n\t\t\t\t\t<div class=\"wc-block-grid__product-title\">Bols \u201ctrame rose\u201d \u2014 lignes tiss\u00e9es sur gr\u00e8s brut, fabriqu\u00e9 \u00e0 Lille Fives<\/div>\n\t\t\t\t<\/a>\n\t\t\t\t<div class=\"wc-block-grid__product-price price\"><span class=\"woocommerce-Price-amount amount\">25,00&nbsp;<span class=\"woocommerce-Price-currencySymbol\">&euro;<\/span><\/span><\/div>\n\t\t\t\t\n\t\t\t\t<div class=\"wp-block-button wc-block-grid__product-add-to-cart\"><a href=\"\/en\/wp-json\/wp\/v2\/pages\/2897?add-to-cart=4788\" aria-label=\"Add to cart: &ldquo;Bols \u201ctrame rose\u201d \u2014 lignes tiss\u00e9es sur gr\u00e8s brut, fabriqu\u00e9 \u00e0 Lille Fives&rdquo;\" data-quantity=\"1\" data-product_id=\"4788\" data-product_sku=\"1-1-1-1-1-1-1-1-2-2-1-1-1-1-1-1-1-1-1-2-1-1-1-1\" data-price=\"25\" rel=\"nofollow\" class=\"wp-block-button__link  add_to_cart_button ajax_add_to_cart\">Add to cart<\/a><\/div>\n\t\t\t<\/li><\/ul><\/div><\/div>\n<\/div>\n","protected":false},"excerpt":{"rendered":"","protected":false},"author":1,"featured_media":0,"parent":0,"menu_order":0,"comment_status":"closed","ping_status":"closed","template":"","meta":{"_et_pb_use_builder":"","_et_pb_old_content":"","_et_gb_content_width":"","footnotes":""},"class_list":["post-2897","page","type-page","status-publish","hentry"],"yoast_head":"<!-- This site is optimized with the Yoast SEO plugin v25.2 - https:\/\/yoast.com\/wordpress\/plugins\/seo\/ -->\n<title>Cart - La Maison Fives<\/title>\n<meta name=\"robots\" content=\"index, follow, max-snippet:-1, max-image-preview:large, max-video-preview:-1\" \/>\n<link rel=\"canonical\" href=\"https:\/\/www.lamaisonfives.com\/en\/cart\/\" \/>\n<meta property=\"og:locale\" content=\"en_US\" \/>\n<meta property=\"og:type\" content=\"article\" \/>\n<meta property=\"og:title\" content=\"Cart - La Maison Fives\" \/>\n<meta property=\"og:url\" content=\"https:\/\/www.lamaisonfives.com\/en\/cart\/\" \/>\n<meta property=\"og:site_name\" content=\"La Maison Fives\" \/>\n<meta property=\"article:publisher\" content=\"https:\/\/www.facebook.com\/lalitiere.co\" \/>\n<meta property=\"article:modified_time\" content=\"2025-06-12T07:41:34+00:00\" \/>\n<meta name=\"twitter:card\" content=\"summary_large_image\" \/>\n<script type=\"application\/ld+json\" class=\"yoast-schema-graph\">{\"@context\":\"https:\/\/schema.org\",\"@graph\":[{\"@type\":\"WebPage\",\"@id\":\"https:\/\/www.lamaisonfives.com\/en\/cart\/\",\"url\":\"https:\/\/www.lamaisonfives.com\/en\/cart\/\",\"name\":\"Cart - La Maison Fives\",\"isPartOf\":{\"@id\":\"https:\/\/www.lamaisonfives.com\/en\/#website\"},\"datePublished\":\"2023-12-09T16:09:13+00:00\",\"dateModified\":\"2025-06-12T07:41:34+00:00\",\"breadcrumb\":{\"@id\":\"https:\/\/www.lamaisonfives.com\/en\/cart\/#breadcrumb\"},\"inLanguage\":\"en-US\",\"potentialAction\":[{\"@type\":\"ReadAction\",\"target\":[\"https:\/\/www.lamaisonfives.com\/en\/cart\/\"]}]},{\"@type\":\"BreadcrumbList\",\"@id\":\"https:\/\/www.lamaisonfives.com\/en\/cart\/#breadcrumb\",\"itemListElement\":[{\"@type\":\"ListItem\",\"position\":1,\"name\":\"Accueil\",\"item\":\"https:\/\/www.lamaisonfives.com\/en\/\"},{\"@type\":\"ListItem\",\"position\":2,\"name\":\"Cart\"}]},{\"@type\":\"WebSite\",\"@id\":\"https:\/\/www.lamaisonfives.com\/en\/#website\",\"url\":\"https:\/\/www.lamaisonfives.com\/en\/\",\"name\":\"La Liti\u00e8re - Expressions & R\u00e9flexions\",\"description\":\"Five-Room Hotel &amp; Atelier-Boutique \u00e0 Lille Fives Cail\",\"publisher\":{\"@id\":\"https:\/\/www.lamaisonfives.com\/en\/#organization\"},\"alternateName\":\"La Liti\u00e8re\",\"potentialAction\":[{\"@type\":\"SearchAction\",\"target\":{\"@type\":\"EntryPoint\",\"urlTemplate\":\"https:\/\/www.lamaisonfives.com\/en\/?s={search_term_string}\"},\"query-input\":{\"@type\":\"PropertyValueSpecification\",\"valueRequired\":true,\"valueName\":\"search_term_string\"}}],\"inLanguage\":\"en-US\"},{\"@type\":\"Organization\",\"@id\":\"https:\/\/www.lamaisonfives.com\/en\/#organization\",\"name\":\"La Liti\u00e8re - Expressions & R\u00e9flexions\",\"url\":\"https:\/\/www.lamaisonfives.com\/en\/\",\"logo\":{\"@type\":\"ImageObject\",\"inLanguage\":\"en-US\",\"@id\":\"https:\/\/www.lamaisonfives.com\/en\/#\/schema\/logo\/image\/\",\"url\":\"https:\/\/www.lamaisonfives.com\/wp-content\/uploads\/2023\/06\/cropped-logo-la-litiere2.png\",\"contentUrl\":\"https:\/\/www.lamaisonfives.com\/wp-content\/uploads\/2023\/06\/cropped-logo-la-litiere2.png\",\"width\":512,\"height\":512,\"caption\":\"La Liti\u00e8re - Expressions & R\u00e9flexions\"},\"image\":{\"@id\":\"https:\/\/www.lamaisonfives.com\/en\/#\/schema\/logo\/image\/\"},\"sameAs\":[\"https:\/\/www.facebook.com\/lalitiere.co\"]}]}<\/script>\n<!-- \/ Yoast SEO plugin. -->","yoast_head_json":{"title":"Cart - La Maison Fives","robots":{"index":"index","follow":"follow","max-snippet":"max-snippet:-1","max-image-preview":"max-image-preview:large","max-video-preview":"max-video-preview:-1"},"canonical":"https:\/\/www.lamaisonfives.com\/en\/cart\/","og_locale":"en_US","og_type":"article","og_title":"Cart - La Maison Fives","og_url":"https:\/\/www.lamaisonfives.com\/en\/cart\/","og_site_name":"La Maison Fives","article_publisher":"https:\/\/www.facebook.com\/lalitiere.co","article_modified_time":"2025-06-12T07:41:34+00:00","twitter_card":"summary_large_image","schema":{"@context":"https:\/\/schema.org","@graph":[{"@type":"WebPage","@id":"https:\/\/www.lamaisonfives.com\/en\/cart\/","url":"https:\/\/www.lamaisonfives.com\/en\/cart\/","name":"Cart - La Maison Fives","isPartOf":{"@id":"https:\/\/www.lamaisonfives.com\/en\/#website"},"datePublished":"2023-12-09T16:09:13+00:00","dateModified":"2025-06-12T07:41:34+00:00","breadcrumb":{"@id":"https:\/\/www.lamaisonfives.com\/en\/cart\/#breadcrumb"},"inLanguage":"en-US","potentialAction":[{"@type":"ReadAction","target":["https:\/\/www.lamaisonfives.com\/en\/cart\/"]}]},{"@type":"BreadcrumbList","@id":"https:\/\/www.lamaisonfives.com\/en\/cart\/#breadcrumb","itemListElement":[{"@type":"ListItem","position":1,"name":"Accueil","item":"https:\/\/www.lamaisonfives.com\/en\/"},{"@type":"ListItem","position":2,"name":"Cart"}]},{"@type":"WebSite","@id":"https:\/\/www.lamaisonfives.com\/en\/#website","url":"https:\/\/www.lamaisonfives.com\/en\/","name":"La Liti\u00e8re - Expressions & R\u00e9flexions","description":"Five-Room Hotel &amp; Atelier-Boutique \u00e0 Lille Fives Cail","publisher":{"@id":"https:\/\/www.lamaisonfives.com\/en\/#organization"},"alternateName":"La Liti\u00e8re","potentialAction":[{"@type":"SearchAction","target":{"@type":"EntryPoint","urlTemplate":"https:\/\/www.lamaisonfives.com\/en\/?s={search_term_string}"},"query-input":{"@type":"PropertyValueSpecification","valueRequired":true,"valueName":"search_term_string"}}],"inLanguage":"en-US"},{"@type":"Organization","@id":"https:\/\/www.lamaisonfives.com\/en\/#organization","name":"La Liti\u00e8re - Expressions & R\u00e9flexions","url":"https:\/\/www.lamaisonfives.com\/en\/","logo":{"@type":"ImageObject","inLanguage":"en-US","@id":"https:\/\/www.lamaisonfives.com\/en\/#\/schema\/logo\/image\/","url":"https:\/\/www.lamaisonfives.com\/wp-content\/uploads\/2023\/06\/cropped-logo-la-litiere2.png","contentUrl":"https:\/\/www.lamaisonfives.com\/wp-content\/uploads\/2023\/06\/cropped-logo-la-litiere2.png","width":512,"height":512,"caption":"La Liti\u00e8re - Expressions & R\u00e9flexions"},"image":{"@id":"https:\/\/www.lamaisonfives.com\/en\/#\/schema\/logo\/image\/"},"sameAs":["https:\/\/www.facebook.com\/lalitiere.co"]}]}},"jetpack_sharing_enabled":true,"_links":{"self":[{"href":"https:\/\/www.lamaisonfives.com\/en\/wp-json\/wp\/v2\/pages\/2897","targetHints":{"allow":["GET"]}}],"collection":[{"href":"https:\/\/www.lamaisonfives.com\/en\/wp-json\/wp\/v2\/pages"}],"about":[{"href":"https:\/\/www.lamaisonfives.com\/en\/wp-json\/wp\/v2\/types\/page"}],"author":[{"embeddable":true,"href":"https:\/\/www.lamaisonfives.com\/en\/wp-json\/wp\/v2\/users\/1"}],"replies":[{"embeddable":true,"href":"https:\/\/www.lamaisonfives.com\/en\/wp-json\/wp\/v2\/comments?post=2897"}],"version-history":[{"count":0,"href":"https:\/\/www.lamaisonfives.com\/en\/wp-json\/wp\/v2\/pages\/2897\/revisions"}],"wp:attachment":[{"href":"https:\/\/www.lamaisonfives.com\/en\/wp-json\/wp\/v2\/media?parent=2897"}],"curies":[{"name":"wp","href":"https:\/\/api.w.org\/{rel}","templated":true}]}}