{"id":4466,"date":"2024-08-19T20:59:30","date_gmt":"2024-08-19T18:59:30","guid":{"rendered":"https:\/\/www.lamaisonfives.com\/visit-the-region-with-cirkwi\/"},"modified":"2025-06-12T10:27:06","modified_gmt":"2025-06-12T08:27:06","slug":"visit-the-region-with-cirkwi","status":"publish","type":"page","link":"https:\/\/www.lamaisonfives.com\/en\/visit-the-region-with-cirkwi\/","title":{"rendered":"Visit the Region with Cirkwi"},"content":{"rendered":"<p>[et_pb_section fb_built=&#8221;1&#8243; admin_label=&#8221;section&#8221; _builder_version=&#8221;4.23.1&#8243; use_background_color_gradient=&#8221;on&#8221; background_color_gradient_stops=&#8221;rgba(102,98,76,0.19) 0%|rgba(40,37,20,0.22) 100%&#8221; background_color_gradient_overlays_image=&#8221;on&#8221; background_image=&#8221;https:\/\/www.lamaisonfives.com\/wp-content\/uploads\/2023\/12\/plage.webp&#8221; min_height=&#8221;382px&#8221; custom_padding=&#8221;83px||16px||false|false&#8221; global_colors_info=&#8221;{}&#8221;][et_pb_row _builder_version=&#8221;4.23.1&#8243; _module_preset=&#8221;default&#8221; max_width=&#8221;1033px&#8221; module_alignment=&#8221;center&#8221; min_height=&#8221;236.2px&#8221; custom_margin=&#8221;-27px|auto||auto|false|false&#8221; custom_padding=&#8221;14px||9px|||&#8221; global_colors_info=&#8221;{}&#8221;][et_pb_column type=&#8221;4_4&#8243; _builder_version=&#8221;4.23.1&#8243; _module_preset=&#8221;default&#8221; global_colors_info=&#8221;{}&#8221;][et_pb_text _builder_version=&#8221;4.23.1&#8243; _module_preset=&#8221;default&#8221; text_font=&#8221;Montserrat|600|||||||&#8221; text_text_color=&#8221;#FFFFFF&#8221; text_font_size=&#8221;70px&#8221; text_line_height=&#8221;1em&#8221; header_font=&#8221;Aboreto||||||||&#8221; header_text_align=&#8221;center&#8221; header_text_color=&#8221;#FFFFFF&#8221; text_orientation=&#8221;center&#8221; custom_margin=&#8221;0px||0px||true|false&#8221; custom_padding=&#8221;7px||7px||true|false&#8221; text_text_shadow_style=&#8221;preset3&#8243; inline_fonts=&#8221;ABeeZee&#8221; global_colors_info=&#8221;{}&#8221;]<\/p>\n<p>(Visit Normandy)<\/p>\n<p>[\/et_pb_text][et_pb_text _builder_version=&#8221;4.23.1&#8243; _module_preset=&#8221;default&#8221; text_font=&#8221;Montserrat|500|||||||&#8221; text_text_color=&#8221;#FFFFFF&#8221; text_font_size=&#8221;28px&#8221; header_text_align=&#8221;center&#8221; header_text_color=&#8221;#FFFFFF&#8221; background_color=&#8221;RGBA(255,255,255,0)&#8221; text_orientation=&#8221;center&#8221; custom_margin=&#8221;18px||||false|false&#8221; global_colors_info=&#8221;{}&#8221;]<\/p>\n<p><b>&#8211; with La Maison Folia &#8211;<\/b><\/p>\n<p>[\/et_pb_text][et_pb_button button_url=&#8221;https:\/\/tinyurl.com\/2auhunkm&#8221; button_text=&#8221; Book Your Stay Here &#8221; button_alignment=&#8221;center&#8221; _builder_version=&#8221;4.23.1&#8243; _module_preset=&#8221;default&#8221; custom_button=&#8221;on&#8221; button_text_color=&#8221;#0a0000&#8243; button_bg_color=&#8221;#fffa00&#8243; button_border_width=&#8221;0px&#8221; button_font=&#8221;|700|||||||&#8221; button_use_icon=&#8221;off&#8221; custom_margin=&#8221;||18px|||&#8221; global_colors_info=&#8221;{}&#8221;][\/et_pb_button][\/et_pb_column][\/et_pb_row][\/et_pb_section][et_pb_section fb_built=&#8221;1&#8243; _builder_version=&#8221;4.23.1&#8243; _module_preset=&#8221;default&#8221; background_color=&#8221;#f7f7f7&#8243; custom_margin=&#8221;-21px|||||&#8221; custom_padding=&#8221;8px||21px|||&#8221; global_colors_info=&#8221;{}&#8221;][et_pb_row column_structure=&#8221;3_4,1_4&#8243; _builder_version=&#8221;4.23.1&#8243; _module_preset=&#8221;default&#8221; custom_margin=&#8221;20px|auto||auto||&#8221; custom_padding=&#8221;40px|||||&#8221; global_colors_info=&#8221;{}&#8221;][et_pb_column type=&#8221;3_4&#8243; _builder_version=&#8221;4.23.1&#8243; _module_preset=&#8221;default&#8221; global_colors_info=&#8221;{}&#8221;][et_pb_code _builder_version=&#8221;4.23.1&#8243; _module_preset=&#8221;default&#8221; global_colors_info=&#8221;{}&#8221;][\/et_pb_code][\/et_pb_column][et_pb_column type=&#8221;1_4&#8243; _builder_version=&#8221;4.23.1&#8243; _module_preset=&#8221;default&#8221; global_colors_info=&#8221;{}&#8221;][et_pb_text _builder_version=&#8221;4.23.1&#8243; _module_preset=&#8221;default&#8221; text_font=&#8221;|700|||||||&#8221; text_text_color=&#8221;#0a0a0a&#8221; text_font_size=&#8221;22px&#8221; text_line_height=&#8221;1.3em&#8221; text_orientation=&#8221;center&#8221; custom_margin=&#8221;22px|||||&#8221; global_colors_info=&#8221;{}&#8221;]<\/p>\n<p>Close to Important Points of Interest<\/p>\n<p>[\/et_pb_text][et_pb_button button_url=&#8221;@ET-DC@eyJkeW5hbWljIjp0cnVlLCJjb250ZW50IjoicG9zdF9saW5rX3VybF9wYWdlIiwic2V0dGluZ3MiOnsicG9zdF9pZCI6IjQ0MCJ9fQ==@&#8221; button_text=&#8221;Visit La Maison Folia&#8221; button_alignment=&#8221;center&#8221; _builder_version=&#8221;4.23.1&#8243; _dynamic_attributes=&#8221;button_url&#8221; _module_preset=&#8221;default&#8221; custom_button=&#8221;on&#8221; button_text_color=&#8221;#0a0000&#8243; button_bg_color=&#8221;#fffa00&#8243; button_border_width=&#8221;0px&#8221; button_font=&#8221;|700|||||||&#8221; button_use_icon=&#8221;off&#8221; custom_margin=&#8221;||30px|||&#8221; hover_enabled=&#8221;0&#8243; global_colors_info=&#8221;{}&#8221; sticky_enabled=&#8221;0&#8243;][\/et_pb_button][et_pb_text _builder_version=&#8221;4.23.1&#8243; _module_preset=&#8221;default&#8221; text_text_color=&#8221;#0a0a0a&#8221; text_orientation=&#8221;justified&#8221; custom_padding=&#8221;||4px|||&#8221; global_colors_info=&#8221;{}&#8221;]<\/p>\n<p class=\"p1\">Located 10 minutes from large sandy beaches and a few kilometers from major Norman destinations such as Mont St-Michel, the D-Day beaches, and the Chausey Islands, La Maison Folia enjoys an exceptional position. It offers you a multitude of activities: <\/p>\n<p class=\"p3\"><span class=\"Apple-tab-span\"> <\/span>\u2022<span class=\"Apple-tab-span\"> <\/span><b>Nearby<\/b>: Discover the beaches of Hauteville sur Mer, Montmartin sur mer and Annoville, the castle and salt marshes of Regneville-sur-Mer, the fishing port of Granville, the Agon point or the Chausey Islands.<\/p>\n<p class=\"p3\"><span class=\"Apple-tab-span\"> <\/span>\u2022<span class=\"Apple-tab-span\"> <\/span><b>A bit further<\/b>: Explore Mont St Michel, Utah Beach, Barneville-Carteret semaphore, Cap de la Hague and Nez de Jobourg, Tatihou Island, or the bells of Villedieu-les-Po\u00eales.<\/p>\n<p>[\/et_pb_text][et_pb_button button_url=&#8221;@ET-DC@eyJkeW5hbWljIjp0cnVlLCJjb250ZW50IjoicG9zdF9saW5rX3VybF9wYWdlIiwic2V0dGluZ3MiOnsicG9zdF9pZCI6IjQ0MCJ9fQ==@&#8221; button_text=&#8221;Visit La Maison Folia&#8221; button_alignment=&#8221;center&#8221; _builder_version=&#8221;4.23.1&#8243; _dynamic_attributes=&#8221;button_url&#8221; _module_preset=&#8221;default&#8221; custom_button=&#8221;on&#8221; button_text_color=&#8221;#0a0000&#8243; button_bg_color=&#8221;#fffa00&#8243; button_border_width=&#8221;0px&#8221; button_font=&#8221;|700|||||||&#8221; button_use_icon=&#8221;off&#8221; custom_margin=&#8221;||30px|||&#8221; global_colors_info=&#8221;{}&#8221;][\/et_pb_button][\/et_pb_column][\/et_pb_row][\/et_pb_section][et_pb_section fb_built=&#8221;1&#8243; _builder_version=&#8221;4.23.1&#8243; _module_preset=&#8221;default&#8221; global_colors_info=&#8221;{}&#8221;][et_pb_row _builder_version=&#8221;4.23.1&#8243; _module_preset=&#8221;default&#8221; global_colors_info=&#8221;{}&#8221;][et_pb_column type=&#8221;4_4&#8243; _builder_version=&#8221;4.23.1&#8243; _module_preset=&#8221;default&#8221; global_colors_info=&#8221;{}&#8221;][et_pb_text _builder_version=&#8221;4.23.1&#8243; _module_preset=&#8221;default&#8221; text_text_color=&#8221;#0a0a0a&#8221; text_orientation=&#8221;justified&#8221; locked=&#8221;off&#8221; global_colors_info=&#8221;{}&#8221;]Granville, Mont Saint-Michel, Agon-Coutainville, and the D-Day landing beaches&#8230; An exceptional tourist destination renowned in France for its sand yachting beaches, surfing waves, and Moncey oysters. What gives this area its strong distinctiveness is its coastal river, the Sienne, passing less than 1 km from La Maison Folia and joining the sea 10 km further. An exceptional adventure to experience as a couple, with friends, or as a family!<br \/>\nThe village of Quettreville-sur-Sienne is 2 kilometers away, where you will find a bakery, doctor, pharmacy, tobacco shop, post office, bars  restaurants&#8230;<\/p>\n<p>The sea is 9 km away, accessible by country roads. You can find popular large sandy beaches like in Hauteville-sur-Mer or Agon-Coutainville, or more wild beaches like in Annoville. At low tide, the sea recedes to leave 2 km of beach.[\/et_pb_text][\/et_pb_column][\/et_pb_row][et_pb_row column_structure=&#8221;1_3,1_3,1_3&#8243; _builder_version=&#8221;4.23.1&#8243; _module_preset=&#8221;default&#8221; global_colors_info=&#8221;{}&#8221;][et_pb_column type=&#8221;1_3&#8243; _builder_version=&#8221;4.23.1&#8243; _module_preset=&#8221;default&#8221; global_colors_info=&#8221;{}&#8221;][et_pb_text _builder_version=&#8221;4.23.1&#8243; _module_preset=&#8221;default&#8221; text_font=&#8221;|700|||||||&#8221; text_text_color=&#8221;#0a0a0a&#8221; text_font_size=&#8221;22px&#8221; text_orientation=&#8221;center&#8221; locked=&#8221;off&#8221; global_colors_info=&#8221;{}&#8221;]Discover the Sienne Estuary by Canoe[\/et_pb_text][et_pb_text _builder_version=&#8221;4.23.1&#8243; _module_preset=&#8221;default&#8221; text_text_color=&#8221;#0a0a0a&#8221; text_orientation=&#8221;justified&#8221; custom_padding=&#8221;0px|||||&#8221; locked=&#8221;off&#8221; global_colors_info=&#8221;{}&#8221;]Spend an unforgettable day with friends or family canoeing down the Sienne from Quettreville-sur-Sienne to the sea at Hauteville-sur-Mer. The Sienne descent begins between fields (2-hour journey), continues through the magnificent Sienne Estuary (2.5-hour journey), and ends in the sea at Hauteville-sur-Mer.[\/et_pb_text][\/et_pb_column][et_pb_column type=&#8221;1_3&#8243; _builder_version=&#8221;4.23.1&#8243; _module_preset=&#8221;default&#8221; global_colors_info=&#8221;{}&#8221;][et_pb_text _builder_version=&#8221;4.23.1&#8243; _module_preset=&#8221;default&#8221; text_font=&#8221;|700|||||||&#8221; text_text_color=&#8221;#0a0a0a&#8221; text_font_size=&#8221;22px&#8221; text_orientation=&#8221;center&#8221; locked=&#8221;off&#8221; global_colors_info=&#8221;{}&#8221;]Walks, Hikes, and Tourist Sites[\/et_pb_text][et_pb_text _builder_version=&#8221;4.23.1&#8243; _module_preset=&#8221;default&#8221; text_text_color=&#8221;#0a0a0a&#8221; text_orientation=&#8221;justified&#8221; custom_padding=&#8221;0px|||||&#8221; locked=&#8221;off&#8221; global_colors_info=&#8221;{}&#8221;]Hundreds of walks and points of interest around Maison FOLIA listed on the CIRKWI website and app: www.cirkwi.com[\/et_pb_text][\/et_pb_column][et_pb_column type=&#8221;1_3&#8243; _builder_version=&#8221;4.23.1&#8243; _module_preset=&#8221;default&#8221; global_colors_info=&#8221;{}&#8221;][et_pb_text _builder_version=&#8221;4.23.1&#8243; _module_preset=&#8221;default&#8221; text_font=&#8221;|700|||||||&#8221; text_text_color=&#8221;#0a0a0a&#8221; text_font_size=&#8221;22px&#8221; text_orientation=&#8221;center&#8221; locked=&#8221;off&#8221; global_colors_info=&#8221;{}&#8221;]Surfing, Bodyboarding, and Water Sports[\/et_pb_text][et_pb_text _builder_version=&#8221;4.23.1&#8243; _module_preset=&#8221;default&#8221; text_text_color=&#8221;#0a0a0a&#8221; text_orientation=&#8221;justified&#8221; custom_padding=&#8221;0px|||||&#8221; locked=&#8221;off&#8221; global_colors_info=&#8221;{}&#8221;]Siouville La Hague is one of the most beautiful surfing beaches in Normandy. The on-site surf club rents boards and wetsuits for \u20ac20: www.cotentinsurfclub.com. We have a catamaran (newcat 16); if you practice, we can discuss it. Besides that, catamaran, stand-up paddle, and sand yachting rentals are available in Hauteville-sur-Mer. More info: www.anh-asso.fr.[\/et_pb_text][\/et_pb_column][\/et_pb_row][\/et_pb_section]<\/p>\n","protected":false},"excerpt":{"rendered":"<p>(Visit Normandy)- with La Maison Folia &#8211;Close to Important Points of InterestLocated 10 minutes from large sandy beaches and a few kilometers from major Norman destinations such as Mont St-Michel, the D-Day beaches, and the Chausey Islands, La Maison Folia enjoys an exceptional position. It offers you a multitude of activities: \u2022 Nearby: Discover [&hellip;]<\/p>\n","protected":false},"author":1,"featured_media":0,"parent":0,"menu_order":0,"comment_status":"closed","ping_status":"closed","template":"","meta":{"_et_pb_use_builder":"on","_et_pb_old_content":"","_et_gb_content_width":"","footnotes":""},"class_list":["post-4466","page","type-page","status-publish","hentry"],"yoast_head":"<!-- This site is optimized with the Yoast SEO plugin v25.2 - https:\/\/yoast.com\/wordpress\/plugins\/seo\/ -->\n<title>La Maison Folia - Rental and Accommodation in Normandy<\/title>\n<meta name=\"description\" content=\"Ideally located between the D-Day beaches and Mont-Saint-Michel, La Maison Folia in Normandy offers four designer rooms and a 1.5-hectare park for a stay between land and sea.\" \/>\n<meta name=\"robots\" content=\"index, follow, max-snippet:-1, max-image-preview:large, max-video-preview:-1\" \/>\n<link rel=\"canonical\" href=\"https:\/\/www.lamaisonfives.com\/en\/visit-the-region-with-cirkwi\/\" \/>\n<meta property=\"og:locale\" content=\"en_US\" \/>\n<meta property=\"og:type\" content=\"article\" \/>\n<meta property=\"og:title\" content=\"La Maison Folia - Rental and Accommodation in Normandy\" \/>\n<meta property=\"og:description\" content=\"Ideally located between the D-Day beaches and Mont-Saint-Michel, La Maison Folia in Normandy offers four designer rooms and a 1.5-hectare park for a stay between land and sea.\" \/>\n<meta property=\"og:url\" content=\"https:\/\/www.lamaisonfives.com\/en\/visit-the-region-with-cirkwi\/\" \/>\n<meta property=\"og:site_name\" content=\"La Maison Fives\" \/>\n<meta property=\"article:publisher\" content=\"https:\/\/www.facebook.com\/lalitiere.co\" \/>\n<meta property=\"article:modified_time\" content=\"2025-06-12T08:27:06+00:00\" \/>\n<meta name=\"twitter:card\" content=\"summary_large_image\" \/>\n<meta name=\"twitter:label1\" content=\"Est. reading time\" \/>\n\t<meta name=\"twitter:data1\" content=\"6 minutes\" \/>\n<script type=\"application\/ld+json\" class=\"yoast-schema-graph\">{\"@context\":\"https:\/\/schema.org\",\"@graph\":[{\"@type\":\"WebPage\",\"@id\":\"https:\/\/www.lamaisonfives.com\/en\/visit-the-region-with-cirkwi\/\",\"url\":\"https:\/\/www.lamaisonfives.com\/en\/visit-the-region-with-cirkwi\/\",\"name\":\"La Maison Folia - Rental and Accommodation in Normandy\",\"isPartOf\":{\"@id\":\"https:\/\/www.lamaisonfives.com\/en\/#website\"},\"datePublished\":\"2024-08-19T18:59:30+00:00\",\"dateModified\":\"2025-06-12T08:27:06+00:00\",\"description\":\"Ideally located between the D-Day beaches and Mont-Saint-Michel, La Maison Folia in Normandy offers four designer rooms and a 1.5-hectare park for a stay between land and sea.\",\"breadcrumb\":{\"@id\":\"https:\/\/www.lamaisonfives.com\/en\/visit-the-region-with-cirkwi\/#breadcrumb\"},\"inLanguage\":\"en-US\",\"potentialAction\":[{\"@type\":\"ReadAction\",\"target\":[\"https:\/\/www.lamaisonfives.com\/en\/visit-the-region-with-cirkwi\/\"]}]},{\"@type\":\"BreadcrumbList\",\"@id\":\"https:\/\/www.lamaisonfives.com\/en\/visit-the-region-with-cirkwi\/#breadcrumb\",\"itemListElement\":[{\"@type\":\"ListItem\",\"position\":1,\"name\":\"Accueil\",\"item\":\"https:\/\/www.lamaisonfives.com\/en\/\"},{\"@type\":\"ListItem\",\"position\":2,\"name\":\"Visit the Region with Cirkwi\"}]},{\"@type\":\"WebSite\",\"@id\":\"https:\/\/www.lamaisonfives.com\/en\/#website\",\"url\":\"https:\/\/www.lamaisonfives.com\/en\/\",\"name\":\"La Liti\u00e8re - Expressions & R\u00e9flexions\",\"description\":\"Five-Room Hotel &amp; Atelier-Boutique \u00e0 Lille Fives Cail\",\"publisher\":{\"@id\":\"https:\/\/www.lamaisonfives.com\/en\/#organization\"},\"alternateName\":\"La Liti\u00e8re\",\"potentialAction\":[{\"@type\":\"SearchAction\",\"target\":{\"@type\":\"EntryPoint\",\"urlTemplate\":\"https:\/\/www.lamaisonfives.com\/en\/?s={search_term_string}\"},\"query-input\":{\"@type\":\"PropertyValueSpecification\",\"valueRequired\":true,\"valueName\":\"search_term_string\"}}],\"inLanguage\":\"en-US\"},{\"@type\":\"Organization\",\"@id\":\"https:\/\/www.lamaisonfives.com\/en\/#organization\",\"name\":\"La Liti\u00e8re - Expressions & R\u00e9flexions\",\"url\":\"https:\/\/www.lamaisonfives.com\/en\/\",\"logo\":{\"@type\":\"ImageObject\",\"inLanguage\":\"en-US\",\"@id\":\"https:\/\/www.lamaisonfives.com\/en\/#\/schema\/logo\/image\/\",\"url\":\"https:\/\/www.lamaisonfives.com\/wp-content\/uploads\/2023\/06\/cropped-logo-la-litiere2.png\",\"contentUrl\":\"https:\/\/www.lamaisonfives.com\/wp-content\/uploads\/2023\/06\/cropped-logo-la-litiere2.png\",\"width\":512,\"height\":512,\"caption\":\"La Liti\u00e8re - Expressions & R\u00e9flexions\"},\"image\":{\"@id\":\"https:\/\/www.lamaisonfives.com\/en\/#\/schema\/logo\/image\/\"},\"sameAs\":[\"https:\/\/www.facebook.com\/lalitiere.co\"]}]}<\/script>\n<!-- \/ Yoast SEO plugin. -->","yoast_head_json":{"title":"La Maison Folia - Rental and Accommodation in Normandy","description":"Ideally located between the D-Day beaches and Mont-Saint-Michel, La Maison Folia in Normandy offers four designer rooms and a 1.5-hectare park for a stay between land and sea.","robots":{"index":"index","follow":"follow","max-snippet":"max-snippet:-1","max-image-preview":"max-image-preview:large","max-video-preview":"max-video-preview:-1"},"canonical":"https:\/\/www.lamaisonfives.com\/en\/visit-the-region-with-cirkwi\/","og_locale":"en_US","og_type":"article","og_title":"La Maison Folia - Rental and Accommodation in Normandy","og_description":"Ideally located between the D-Day beaches and Mont-Saint-Michel, La Maison Folia in Normandy offers four designer rooms and a 1.5-hectare park for a stay between land and sea.","og_url":"https:\/\/www.lamaisonfives.com\/en\/visit-the-region-with-cirkwi\/","og_site_name":"La Maison Fives","article_publisher":"https:\/\/www.facebook.com\/lalitiere.co","article_modified_time":"2025-06-12T08:27:06+00:00","twitter_card":"summary_large_image","twitter_misc":{"Est. reading time":"6 minutes"},"schema":{"@context":"https:\/\/schema.org","@graph":[{"@type":"WebPage","@id":"https:\/\/www.lamaisonfives.com\/en\/visit-the-region-with-cirkwi\/","url":"https:\/\/www.lamaisonfives.com\/en\/visit-the-region-with-cirkwi\/","name":"La Maison Folia - Rental and Accommodation in Normandy","isPartOf":{"@id":"https:\/\/www.lamaisonfives.com\/en\/#website"},"datePublished":"2024-08-19T18:59:30+00:00","dateModified":"2025-06-12T08:27:06+00:00","description":"Ideally located between the D-Day beaches and Mont-Saint-Michel, La Maison Folia in Normandy offers four designer rooms and a 1.5-hectare park for a stay between land and sea.","breadcrumb":{"@id":"https:\/\/www.lamaisonfives.com\/en\/visit-the-region-with-cirkwi\/#breadcrumb"},"inLanguage":"en-US","potentialAction":[{"@type":"ReadAction","target":["https:\/\/www.lamaisonfives.com\/en\/visit-the-region-with-cirkwi\/"]}]},{"@type":"BreadcrumbList","@id":"https:\/\/www.lamaisonfives.com\/en\/visit-the-region-with-cirkwi\/#breadcrumb","itemListElement":[{"@type":"ListItem","position":1,"name":"Accueil","item":"https:\/\/www.lamaisonfives.com\/en\/"},{"@type":"ListItem","position":2,"name":"Visit the Region with Cirkwi"}]},{"@type":"WebSite","@id":"https:\/\/www.lamaisonfives.com\/en\/#website","url":"https:\/\/www.lamaisonfives.com\/en\/","name":"La Liti\u00e8re - Expressions & R\u00e9flexions","description":"Five-Room Hotel &amp; Atelier-Boutique \u00e0 Lille Fives Cail","publisher":{"@id":"https:\/\/www.lamaisonfives.com\/en\/#organization"},"alternateName":"La Liti\u00e8re","potentialAction":[{"@type":"SearchAction","target":{"@type":"EntryPoint","urlTemplate":"https:\/\/www.lamaisonfives.com\/en\/?s={search_term_string}"},"query-input":{"@type":"PropertyValueSpecification","valueRequired":true,"valueName":"search_term_string"}}],"inLanguage":"en-US"},{"@type":"Organization","@id":"https:\/\/www.lamaisonfives.com\/en\/#organization","name":"La Liti\u00e8re - Expressions & R\u00e9flexions","url":"https:\/\/www.lamaisonfives.com\/en\/","logo":{"@type":"ImageObject","inLanguage":"en-US","@id":"https:\/\/www.lamaisonfives.com\/en\/#\/schema\/logo\/image\/","url":"https:\/\/www.lamaisonfives.com\/wp-content\/uploads\/2023\/06\/cropped-logo-la-litiere2.png","contentUrl":"https:\/\/www.lamaisonfives.com\/wp-content\/uploads\/2023\/06\/cropped-logo-la-litiere2.png","width":512,"height":512,"caption":"La Liti\u00e8re - Expressions & R\u00e9flexions"},"image":{"@id":"https:\/\/www.lamaisonfives.com\/en\/#\/schema\/logo\/image\/"},"sameAs":["https:\/\/www.facebook.com\/lalitiere.co"]}]}},"jetpack_sharing_enabled":true,"_links":{"self":[{"href":"https:\/\/www.lamaisonfives.com\/en\/wp-json\/wp\/v2\/pages\/4466","targetHints":{"allow":["GET"]}}],"collection":[{"href":"https:\/\/www.lamaisonfives.com\/en\/wp-json\/wp\/v2\/pages"}],"about":[{"href":"https:\/\/www.lamaisonfives.com\/en\/wp-json\/wp\/v2\/types\/page"}],"author":[{"embeddable":true,"href":"https:\/\/www.lamaisonfives.com\/en\/wp-json\/wp\/v2\/users\/1"}],"replies":[{"embeddable":true,"href":"https:\/\/www.lamaisonfives.com\/en\/wp-json\/wp\/v2\/comments?post=4466"}],"version-history":[{"count":4,"href":"https:\/\/www.lamaisonfives.com\/en\/wp-json\/wp\/v2\/pages\/4466\/revisions"}],"predecessor-version":[{"id":4475,"href":"https:\/\/www.lamaisonfives.com\/en\/wp-json\/wp\/v2\/pages\/4466\/revisions\/4475"}],"wp:attachment":[{"href":"https:\/\/www.lamaisonfives.com\/en\/wp-json\/wp\/v2\/media?parent=4466"}],"curies":[{"name":"wp","href":"https:\/\/api.w.org\/{rel}","templated":true}]}}