{"id":2889,"date":"2023-12-09T22:41:40","date_gmt":"2023-12-09T21:41:40","guid":{"rendered":"https:\/\/www.lamaisonfives.com\/winkel\/"},"modified":"2025-06-13T08:25:02","modified_gmt":"2025-06-13T06:25:02","slug":"winkel","status":"publish","type":"page","link":"https:\/\/www.lamaisonfives.com\/nl\/winkel\/","title":{"rendered":"Het Atelier-Boetiek &#8211; LA MAISON FIVES \u2013 Lille Fives Cail"},"content":{"rendered":"<p>[et_pb_section fb_built=&#8221;1&#8243; admin_label=&#8221;section&#8221; _builder_version=&#8221;4.23.1&#8243; background_enable_color=&#8221;off&#8221; use_background_color_gradient=&#8221;on&#8221; background_color_gradient_stops=&#8221;rgba(121,242,226,0.8) 0%|rgba(136,239,215,0.8) 95%&#8221; background_color_gradient_overlays_image=&#8221;on&#8221; background_image=&#8221;https:\/\/www.lamaisonfives.com\/wp-content\/uploads\/2024\/06\/Boutique-lamaisonfolia-banniere.jpg&#8221; background_position=&#8221;top_center&#8221; min_height=&#8221;553px&#8221; custom_padding=&#8221;91px||24px||false|false&#8221; da_disable_devices=&#8221;off|off|off&#8221; global_colors_info=&#8221;{}&#8221; da_is_popup=&#8221;off&#8221; da_exit_intent=&#8221;off&#8221; da_has_close=&#8221;on&#8221; da_alt_close=&#8221;off&#8221; da_dark_close=&#8221;off&#8221; da_not_modal=&#8221;on&#8221; da_is_singular=&#8221;off&#8221; da_with_loader=&#8221;off&#8221; da_has_shadow=&#8221;on&#8221;][et_pb_row _builder_version=&#8221;4.23.1&#8243; _module_preset=&#8221;default&#8221; module_alignment=&#8221;center&#8221; custom_margin=&#8221;-16px|auto||auto|false|false&#8221; custom_padding=&#8221;13px|||||&#8221; locked=&#8221;off&#8221; global_colors_info=&#8221;{}&#8221;][et_pb_column type=&#8221;4_4&#8243; _builder_version=&#8221;4.23.1&#8243; _module_preset=&#8221;default&#8221; global_colors_info=&#8221;{}&#8221;][et_pb_text _builder_version=&#8221;4.23.1&#8243; _module_preset=&#8221;default&#8221; text_font=&#8221;Allerta|600|||||||&#8221; text_text_color=&#8221;#FFFFFF&#8221; text_font_size=&#8221;51px&#8221; text_line_height=&#8221;1.2em&#8221; header_font=&#8221;Aboreto||||||||&#8221; header_text_align=&#8221;center&#8221; header_text_color=&#8221;#FFFFFF&#8221; text_orientation=&#8221;center&#8221; custom_margin=&#8221;0px||0px||true|false&#8221; custom_padding=&#8221;0px||27px||false|false&#8221; text_font_size_tablet=&#8221;37px&#8221; text_font_size_phone=&#8221;36px&#8221; text_font_size_last_edited=&#8221;on|phone&#8221; text_line_height_tablet=&#8221;1.2em&#8221; text_line_height_phone=&#8221;1.2em&#8221; text_line_height_last_edited=&#8221;on|desktop&#8221; text_text_shadow_style=&#8221;preset3&#8243; inline_fonts=&#8221;ABeeZee&#8221; global_colors_info=&#8221;{}&#8221;]<\/p>\n<p>We&#8217;re open !<\/p>\n<p>[\/et_pb_text][et_pb_text _builder_version=&#8221;4.23.1&#8243; _module_preset=&#8221;default&#8221; text_font=&#8221;Allerta|700||on|||||&#8221; text_text_color=&#8221;#FFFFFF&#8221; text_font_size=&#8221;100px&#8221; text_letter_spacing=&#8221;-2px&#8221; text_line_height=&#8221;1em&#8221; header_font=&#8221;Aboreto||||||||&#8221; header_text_align=&#8221;center&#8221; header_text_color=&#8221;#FFFFFF&#8221; text_orientation=&#8221;center&#8221; min_height=&#8221;80px&#8221; custom_margin=&#8221;-1px||-1px||true|false&#8221; custom_padding=&#8221;4px||4px||true|false&#8221; text_font_size_tablet=&#8221;73px&#8221; text_font_size_phone=&#8221;70px&#8221; text_font_size_last_edited=&#8221;on|desktop&#8221; text_line_height_tablet=&#8221;1em&#8221; text_line_height_phone=&#8221;1em&#8221; text_line_height_last_edited=&#8221;on|tablet&#8221; text_text_shadow_style=&#8221;preset3&#8243; text_text_shadow_horizontal_length=&#8221;0.07em&#8221; text_text_shadow_vertical_length=&#8221;0.05em&#8221; text_text_shadow_blur_strength=&#8221;0em&#8221; text_text_shadow_color=&#8221;rgba(0,0,0,0.62)&#8221; inline_fonts=&#8221;ABeeZee&#8221; global_colors_info=&#8221;{}&#8221;]<\/p>\n<p>La Maison Fives<\/p>\n<p>[\/et_pb_text][et_pb_text _builder_version=&#8221;4.23.1&#8243; _module_preset=&#8221;default&#8221; text_font=&#8221;Allerta|700|||||||&#8221; text_text_color=&#8221;#0a0a0a&#8221; text_font_size=&#8221;38px&#8221; text_letter_spacing=&#8221;3px&#8221; text_line_height=&#8221;1.3em&#8221; header_text_align=&#8221;center&#8221; header_text_color=&#8221;#FFFFFF&#8221; text_orientation=&#8221;center&#8221; min_height=&#8221;30.8px&#8221; custom_margin=&#8221;4px||44px||false|false&#8221; custom_padding=&#8221;0px|||||&#8221; text_font_size_tablet=&#8221;23px&#8221; text_font_size_phone=&#8221;25px&#8221; text_font_size_last_edited=&#8221;on|phone&#8221; text_letter_spacing_tablet=&#8221;2px&#8221; text_letter_spacing_phone=&#8221;1px&#8221; text_letter_spacing_last_edited=&#8221;on|phone&#8221; global_colors_info=&#8221;{}&#8221;]<\/p>\n<p>Het Atelier-Boetiek<b><br \/><\/b><\/p>\n<p>[\/et_pb_text][et_pb_button button_url=&#8221;#boutique&#8221; button_text=&#8221;Bezoek de Boetiek&#8221; button_alignment=&#8221;center&#8221; _builder_version=&#8221;4.23.1&#8243; _module_preset=&#8221;default&#8221; custom_button=&#8221;on&#8221; button_text_color=&#8221;#0a0000&#8243; button_bg_color=&#8221;#ffc6d4&#8243; button_border_width=&#8221;4px&#8221; button_border_color=&#8221;#ffffff&#8221; button_font=&#8221;|700|||||||&#8221; button_use_icon=&#8221;off&#8221; custom_margin=&#8221;||30px|||&#8221; locked=&#8221;off&#8221; global_colors_info=&#8221;{}&#8221;][\/et_pb_button][\/et_pb_column][\/et_pb_row][\/et_pb_section][et_pb_section fb_built=&#8221;1&#8243; _builder_version=&#8221;4.23.1&#8243; _module_preset=&#8221;default&#8221; background_color=&#8221;#f7f7f7&#8243; custom_padding=&#8221;19px||11px|||&#8221; da_disable_devices=&#8221;off|off|off&#8221; global_colors_info=&#8221;{}&#8221; da_is_popup=&#8221;off&#8221; da_exit_intent=&#8221;off&#8221; da_has_close=&#8221;on&#8221; da_alt_close=&#8221;off&#8221; da_dark_close=&#8221;off&#8221; da_not_modal=&#8221;on&#8221; da_is_singular=&#8221;off&#8221; da_with_loader=&#8221;off&#8221; da_has_shadow=&#8221;on&#8221;][et_pb_row _builder_version=&#8221;4.23.1&#8243; _module_preset=&#8221;default&#8221; max_width=&#8221;1050px&#8221; max_width_last_edited=&#8221;off|desktop&#8221; custom_margin=&#8221;-4px|auto|19px|auto||&#8221; custom_padding=&#8221;21px||18px|||&#8221; global_colors_info=&#8221;{}&#8221;][et_pb_column type=&#8221;4_4&#8243; _builder_version=&#8221;4.23.1&#8243; _module_preset=&#8221;default&#8221; global_colors_info=&#8221;{}&#8221;][et_pb_text _builder_version=&#8221;4.23.1&#8243; _module_preset=&#8221;default&#8221; text_text_color=&#8221;#0a0a0a&#8221; text_orientation=&#8221;justified&#8221; width=&#8221;100%&#8221; min_height=&#8221;113px&#8221; custom_padding=&#8221;||0px|0px||&#8221; hover_enabled=&#8221;0&#8243; global_colors_info=&#8221;{}&#8221; sticky_enabled=&#8221;0&#8243;]<\/p>\n<p class=\"p1\">Eerst architect en ontwerper tussen Brussel, Montr\u00e9al en Normandi\u00eb, keerde <span class=\"s1\"><b>Soula<\/b><\/span> zich tot keramiek als een manier om terug te keren naar het essenti\u00eble. In haar atelier vormt ze <span class=\"s1\"><b>geglazuurd pyrietsteengoed<\/b><\/span> tot beperkte reeksen, bedoeld om lang mee te gaan, gebruikt te worden en betekenis te hebben. <\/p>\n<p class=\"p3\"><b>Geen gestandaardiseerde objecten. Geen overproductie.  <\/b>Elk stuk ontstaat uit een gebaar, een behoefte, een verlangen. Een kopje dat goed in de hand ligt. Een kom die de jaren trotseert. Leefobjecten, ver weg van het wegwerpbare. Haar werk is te zien in winkels in Normandi\u00eb, in Lille, in Parijs en online. Hier wordt weinig geproduceerd. Alleen wat nodig is. En soms op aanvraag \u2013 wanneer het idee de moeite waard is.       <\/p>\n<p>[\/et_pb_text][\/et_pb_column][\/et_pb_row][\/et_pb_section][et_pb_section fb_built=&#8221;1&#8243; _builder_version=&#8221;4.23.1&#8243; _module_preset=&#8221;default&#8221; background_color=&#8221;#FFFFFF&#8221; custom_margin=&#8221;-3px|||||&#8221; custom_padding=&#8221;23px||13px|||&#8221; da_disable_devices=&#8221;off|off|off&#8221; global_colors_info=&#8221;{}&#8221; da_is_popup=&#8221;off&#8221; da_exit_intent=&#8221;off&#8221; da_has_close=&#8221;on&#8221; da_alt_close=&#8221;off&#8221; da_dark_close=&#8221;off&#8221; da_not_modal=&#8221;on&#8221; da_is_singular=&#8221;off&#8221; da_with_loader=&#8221;off&#8221; da_has_shadow=&#8221;on&#8221;][et_pb_row module_id=&#8221;boutique&#8221; module_class=&#8221;boutique&#8221; _builder_version=&#8221;4.23.1&#8243; _module_preset=&#8221;default&#8221; global_colors_info=&#8221;{}&#8221;][et_pb_column type=&#8221;4_4&#8243; _builder_version=&#8221;4.23.1&#8243; _module_preset=&#8221;default&#8221; global_colors_info=&#8221;{}&#8221;][et_pb_shop type=&#8221;latest&#8221; posts_number=&#8221;100&#8243; columns_number=&#8221;4&#8243; disabled_on=&#8221;off|off|off&#8221; _builder_version=&#8221;4.23.1&#8243; _module_preset=&#8221;default&#8221; title_line_height=&#8221;1.6em&#8221; price_text_align=&#8221;right&#8221; price_font_size=&#8221;17px&#8221; border_radii_image=&#8221;on|12px|12px|12px|12px&#8221; global_colors_info=&#8221;{}&#8221; max_width__hover_enabled=&#8221;on|hover&#8221;][\/et_pb_shop][\/et_pb_column][\/et_pb_row][\/et_pb_section]<\/p>\n","protected":false},"excerpt":{"rendered":"<p>We&#8217;re open !La Maison FivesHet Atelier-BoetiekEerst architect en ontwerper tussen Brussel, Montr\u00e9al en Normandi\u00eb, keerde Soula zich tot keramiek als een manier om terug te keren naar het essenti\u00eble. In haar atelier vormt ze geglazuurd pyrietsteengoed tot beperkte reeksen, bedoeld om lang mee te gaan, gebruikt te worden en betekenis te hebben. Geen gestandaardiseerde objecten. [&hellip;]<\/p>\n","protected":false},"author":1,"featured_media":2890,"parent":0,"menu_order":0,"comment_status":"closed","ping_status":"closed","template":"","meta":{"_et_pb_use_builder":"on","_et_pb_old_content":"","_et_gb_content_width":"","footnotes":""},"class_list":["post-2889","page","type-page","status-publish","has-post-thumbnail","hentry"],"yoast_head":"<!-- This site is optimized with the Yoast SEO plugin v25.2 - https:\/\/yoast.com\/wordpress\/plugins\/seo\/ -->\n<title>Het Atelier-Boetiek - LA MAISON FIVES \u2013 Lille Fives Cail<\/title>\n<meta name=\"robots\" content=\"index, follow, max-snippet:-1, max-image-preview:large, max-video-preview:-1\" \/>\n<link rel=\"canonical\" href=\"https:\/\/www.lamaisonfives.com\/nl\/winkel\/\" \/>\n<meta property=\"og:locale\" content=\"nl_NL\" \/>\n<meta property=\"og:type\" content=\"article\" \/>\n<meta property=\"og:title\" content=\"Het Atelier-Boetiek - LA MAISON FIVES \u2013 Lille Fives Cail\" \/>\n<meta property=\"og:description\" content=\"We&#039;re open !La Maison FivesHet Atelier-BoetiekEerst architect en ontwerper tussen Brussel, Montr\u00e9al en Normandi\u00eb, keerde Soula zich tot keramiek als een manier om terug te keren naar het essenti\u00eble. In haar atelier vormt ze geglazuurd pyrietsteengoed tot beperkte reeksen, bedoeld om lang mee te gaan, gebruikt te worden en betekenis te hebben. Geen gestandaardiseerde objecten. [&hellip;]\" \/>\n<meta property=\"og:url\" content=\"https:\/\/www.lamaisonfives.com\/nl\/winkel\/\" \/>\n<meta property=\"og:site_name\" content=\"La Maison Fives\" \/>\n<meta property=\"article:publisher\" content=\"https:\/\/www.facebook.com\/lalitiere.co\" \/>\n<meta property=\"article:modified_time\" content=\"2025-06-13T06:25:02+00:00\" \/>\n<meta property=\"og:image\" content=\"https:\/\/www.lamaisonfives.com\/wp-content\/uploads\/2024\/06\/La-Boutique-La-Maison-Folia.jpg\" \/>\n\t<meta property=\"og:image:width\" content=\"876\" \/>\n\t<meta property=\"og:image:height\" content=\"872\" \/>\n\t<meta property=\"og:image:type\" content=\"image\/jpeg\" \/>\n<meta name=\"twitter:card\" content=\"summary_large_image\" \/>\n<meta name=\"twitter:label1\" content=\"Geschatte leestijd\" \/>\n\t<meta name=\"twitter:data1\" content=\"5 minuut\" \/>\n<script type=\"application\/ld+json\" class=\"yoast-schema-graph\">{\"@context\":\"https:\/\/schema.org\",\"@graph\":[{\"@type\":\"WebPage\",\"@id\":\"https:\/\/www.lamaisonfives.com\/nl\/winkel\/\",\"url\":\"https:\/\/www.lamaisonfives.com\/nl\/winkel\/\",\"name\":\"Het Atelier-Boetiek - LA MAISON FIVES \u2013 Lille Fives Cail\",\"isPartOf\":{\"@id\":\"https:\/\/www.lamaisonfives.com\/nl\/#website\"},\"primaryImageOfPage\":{\"@id\":\"https:\/\/www.lamaisonfives.com\/nl\/winkel\/#primaryimage\"},\"image\":{\"@id\":\"https:\/\/www.lamaisonfives.com\/nl\/winkel\/#primaryimage\"},\"thumbnailUrl\":\"https:\/\/www.lamaisonfives.com\/wp-content\/uploads\/2024\/06\/La-Boutique-La-Maison-Folia.jpg\",\"datePublished\":\"2023-12-09T21:41:40+00:00\",\"dateModified\":\"2025-06-13T06:25:02+00:00\",\"breadcrumb\":{\"@id\":\"https:\/\/www.lamaisonfives.com\/nl\/winkel\/#breadcrumb\"},\"inLanguage\":\"nl-NL\",\"potentialAction\":[{\"@type\":\"ReadAction\",\"target\":[\"https:\/\/www.lamaisonfives.com\/nl\/winkel\/\"]}]},{\"@type\":\"ImageObject\",\"inLanguage\":\"nl-NL\",\"@id\":\"https:\/\/www.lamaisonfives.com\/nl\/winkel\/#primaryimage\",\"url\":\"https:\/\/www.lamaisonfives.com\/wp-content\/uploads\/2024\/06\/La-Boutique-La-Maison-Folia.jpg\",\"contentUrl\":\"https:\/\/www.lamaisonfives.com\/wp-content\/uploads\/2024\/06\/La-Boutique-La-Maison-Folia.jpg\",\"width\":876,\"height\":872},{\"@type\":\"BreadcrumbList\",\"@id\":\"https:\/\/www.lamaisonfives.com\/nl\/winkel\/#breadcrumb\",\"itemListElement\":[{\"@type\":\"ListItem\",\"position\":1,\"name\":\"Accueil\",\"item\":\"https:\/\/www.lamaisonfives.com\/nl\/la-maison-fives-vijfkamerhotel-atelier-boetiek-lille-fives-cail\/\"},{\"@type\":\"ListItem\",\"position\":2,\"name\":\"Het Atelier-Boetiek &#8211; LA MAISON FIVES \u2013 Lille Fives Cail\"}]},{\"@type\":\"WebSite\",\"@id\":\"https:\/\/www.lamaisonfives.com\/nl\/#website\",\"url\":\"https:\/\/www.lamaisonfives.com\/nl\/\",\"name\":\"La Liti\u00e8re - Expressions & R\u00e9flexions\",\"description\":\"Five-Room Hotel &amp; Atelier-Boutique \u00e0 Lille Fives Cail\",\"publisher\":{\"@id\":\"https:\/\/www.lamaisonfives.com\/nl\/#organization\"},\"alternateName\":\"La Liti\u00e8re\",\"potentialAction\":[{\"@type\":\"SearchAction\",\"target\":{\"@type\":\"EntryPoint\",\"urlTemplate\":\"https:\/\/www.lamaisonfives.com\/nl\/?s={search_term_string}\"},\"query-input\":{\"@type\":\"PropertyValueSpecification\",\"valueRequired\":true,\"valueName\":\"search_term_string\"}}],\"inLanguage\":\"nl-NL\"},{\"@type\":\"Organization\",\"@id\":\"https:\/\/www.lamaisonfives.com\/nl\/#organization\",\"name\":\"La Liti\u00e8re - Expressions & R\u00e9flexions\",\"url\":\"https:\/\/www.lamaisonfives.com\/nl\/\",\"logo\":{\"@type\":\"ImageObject\",\"inLanguage\":\"nl-NL\",\"@id\":\"https:\/\/www.lamaisonfives.com\/nl\/#\/schema\/logo\/image\/\",\"url\":\"https:\/\/www.lamaisonfives.com\/wp-content\/uploads\/2023\/06\/cropped-logo-la-litiere2.png\",\"contentUrl\":\"https:\/\/www.lamaisonfives.com\/wp-content\/uploads\/2023\/06\/cropped-logo-la-litiere2.png\",\"width\":512,\"height\":512,\"caption\":\"La Liti\u00e8re - Expressions & R\u00e9flexions\"},\"image\":{\"@id\":\"https:\/\/www.lamaisonfives.com\/nl\/#\/schema\/logo\/image\/\"},\"sameAs\":[\"https:\/\/www.facebook.com\/lalitiere.co\"]}]}<\/script>\n<!-- \/ Yoast SEO plugin. -->","yoast_head_json":{"title":"Het Atelier-Boetiek - LA MAISON FIVES \u2013 Lille Fives Cail","robots":{"index":"index","follow":"follow","max-snippet":"max-snippet:-1","max-image-preview":"max-image-preview:large","max-video-preview":"max-video-preview:-1"},"canonical":"https:\/\/www.lamaisonfives.com\/nl\/winkel\/","og_locale":"nl_NL","og_type":"article","og_title":"Het Atelier-Boetiek - LA MAISON FIVES \u2013 Lille Fives Cail","og_description":"We're open !La Maison FivesHet Atelier-BoetiekEerst architect en ontwerper tussen Brussel, Montr\u00e9al en Normandi\u00eb, keerde Soula zich tot keramiek als een manier om terug te keren naar het essenti\u00eble. In haar atelier vormt ze geglazuurd pyrietsteengoed tot beperkte reeksen, bedoeld om lang mee te gaan, gebruikt te worden en betekenis te hebben. Geen gestandaardiseerde objecten. [&hellip;]","og_url":"https:\/\/www.lamaisonfives.com\/nl\/winkel\/","og_site_name":"La Maison Fives","article_publisher":"https:\/\/www.facebook.com\/lalitiere.co","article_modified_time":"2025-06-13T06:25:02+00:00","og_image":[{"width":876,"height":872,"url":"https:\/\/www.lamaisonfives.com\/wp-content\/uploads\/2024\/06\/La-Boutique-La-Maison-Folia.jpg","type":"image\/jpeg"}],"twitter_card":"summary_large_image","twitter_misc":{"Geschatte leestijd":"5 minuut"},"schema":{"@context":"https:\/\/schema.org","@graph":[{"@type":"WebPage","@id":"https:\/\/www.lamaisonfives.com\/nl\/winkel\/","url":"https:\/\/www.lamaisonfives.com\/nl\/winkel\/","name":"Het Atelier-Boetiek - LA MAISON FIVES \u2013 Lille Fives Cail","isPartOf":{"@id":"https:\/\/www.lamaisonfives.com\/nl\/#website"},"primaryImageOfPage":{"@id":"https:\/\/www.lamaisonfives.com\/nl\/winkel\/#primaryimage"},"image":{"@id":"https:\/\/www.lamaisonfives.com\/nl\/winkel\/#primaryimage"},"thumbnailUrl":"https:\/\/www.lamaisonfives.com\/wp-content\/uploads\/2024\/06\/La-Boutique-La-Maison-Folia.jpg","datePublished":"2023-12-09T21:41:40+00:00","dateModified":"2025-06-13T06:25:02+00:00","breadcrumb":{"@id":"https:\/\/www.lamaisonfives.com\/nl\/winkel\/#breadcrumb"},"inLanguage":"nl-NL","potentialAction":[{"@type":"ReadAction","target":["https:\/\/www.lamaisonfives.com\/nl\/winkel\/"]}]},{"@type":"ImageObject","inLanguage":"nl-NL","@id":"https:\/\/www.lamaisonfives.com\/nl\/winkel\/#primaryimage","url":"https:\/\/www.lamaisonfives.com\/wp-content\/uploads\/2024\/06\/La-Boutique-La-Maison-Folia.jpg","contentUrl":"https:\/\/www.lamaisonfives.com\/wp-content\/uploads\/2024\/06\/La-Boutique-La-Maison-Folia.jpg","width":876,"height":872},{"@type":"BreadcrumbList","@id":"https:\/\/www.lamaisonfives.com\/nl\/winkel\/#breadcrumb","itemListElement":[{"@type":"ListItem","position":1,"name":"Accueil","item":"https:\/\/www.lamaisonfives.com\/nl\/la-maison-fives-vijfkamerhotel-atelier-boetiek-lille-fives-cail\/"},{"@type":"ListItem","position":2,"name":"Het Atelier-Boetiek &#8211; LA MAISON FIVES \u2013 Lille Fives Cail"}]},{"@type":"WebSite","@id":"https:\/\/www.lamaisonfives.com\/nl\/#website","url":"https:\/\/www.lamaisonfives.com\/nl\/","name":"La Liti\u00e8re - Expressions & R\u00e9flexions","description":"Five-Room Hotel &amp; Atelier-Boutique \u00e0 Lille Fives Cail","publisher":{"@id":"https:\/\/www.lamaisonfives.com\/nl\/#organization"},"alternateName":"La Liti\u00e8re","potentialAction":[{"@type":"SearchAction","target":{"@type":"EntryPoint","urlTemplate":"https:\/\/www.lamaisonfives.com\/nl\/?s={search_term_string}"},"query-input":{"@type":"PropertyValueSpecification","valueRequired":true,"valueName":"search_term_string"}}],"inLanguage":"nl-NL"},{"@type":"Organization","@id":"https:\/\/www.lamaisonfives.com\/nl\/#organization","name":"La Liti\u00e8re - Expressions & R\u00e9flexions","url":"https:\/\/www.lamaisonfives.com\/nl\/","logo":{"@type":"ImageObject","inLanguage":"nl-NL","@id":"https:\/\/www.lamaisonfives.com\/nl\/#\/schema\/logo\/image\/","url":"https:\/\/www.lamaisonfives.com\/wp-content\/uploads\/2023\/06\/cropped-logo-la-litiere2.png","contentUrl":"https:\/\/www.lamaisonfives.com\/wp-content\/uploads\/2023\/06\/cropped-logo-la-litiere2.png","width":512,"height":512,"caption":"La Liti\u00e8re - Expressions & R\u00e9flexions"},"image":{"@id":"https:\/\/www.lamaisonfives.com\/nl\/#\/schema\/logo\/image\/"},"sameAs":["https:\/\/www.facebook.com\/lalitiere.co"]}]}},"jetpack_sharing_enabled":true,"_links":{"self":[{"href":"https:\/\/www.lamaisonfives.com\/nl\/wp-json\/wp\/v2\/pages\/2889","targetHints":{"allow":["GET"]}}],"collection":[{"href":"https:\/\/www.lamaisonfives.com\/nl\/wp-json\/wp\/v2\/pages"}],"about":[{"href":"https:\/\/www.lamaisonfives.com\/nl\/wp-json\/wp\/v2\/types\/page"}],"author":[{"embeddable":true,"href":"https:\/\/www.lamaisonfives.com\/nl\/wp-json\/wp\/v2\/users\/1"}],"replies":[{"embeddable":true,"href":"https:\/\/www.lamaisonfives.com\/nl\/wp-json\/wp\/v2\/comments?post=2889"}],"version-history":[{"count":4,"href":"https:\/\/www.lamaisonfives.com\/nl\/wp-json\/wp\/v2\/pages\/2889\/revisions"}],"predecessor-version":[{"id":4586,"href":"https:\/\/www.lamaisonfives.com\/nl\/wp-json\/wp\/v2\/pages\/2889\/revisions\/4586"}],"wp:featuredmedia":[{"embeddable":true,"href":"https:\/\/www.lamaisonfives.com\/nl\/wp-json\/wp\/v2\/media\/2890"}],"wp:attachment":[{"href":"https:\/\/www.lamaisonfives.com\/nl\/wp-json\/wp\/v2\/media?parent=2889"}],"curies":[{"name":"wp","href":"https:\/\/api.w.org\/{rel}","templated":true}]}}