{"id":4469,"date":"2025-05-29T06:31:25","date_gmt":"2025-05-29T04:31:25","guid":{"rendered":"https:\/\/www.lamaisonfives.com\/juridische-vermeldingen\/"},"modified":"2025-05-29T06:31:25","modified_gmt":"2025-05-29T04:31:25","slug":"juridische-vermeldingen","status":"publish","type":"page","link":"https:\/\/www.lamaisonfives.com\/nl\/juridische-vermeldingen\/","title":{"rendered":"Juridische vermeldingen"},"content":{"rendered":"<h3><b>Uitgever van de site<\/b><\/h3>\n<p class=\"p1\">Deze site wordt uitgegeven door <span class=\"s1\"><b>La Maison Fives<\/b><\/span>, een gastenverblijf in Lille.<\/p>\n<hr>\n<h3><b>Hosting<\/b><\/h3>\n<p class=\"p1\">Deze site wordt gehost door:<\/p>\n<p class=\"p4\"><b>OVH<\/b><\/p>\n<p class=\"p1\">2 rue Kellermann, 59100 Roubaix \u2013 Frankrijk<\/p>\n<p class=\"p1\"><a href=\"https:\/\/www.ovh.com\">www.ovh.com<\/a><\/p>\n<hr>\n<h3><b>Verantwoordelijke voor de publicatie<\/b><\/h3>\n<p class=\"p1\">De verantwoordelijke voor de publicatie is <span class=\"s1\"><b>de exploitant van La Maison Fives<\/b><\/span>.<\/p>\n<hr>\n<h3><b>Status van de instelling<\/b><\/h3>\n<p class=\"p1\">La Maison Fives is een <span class=\"s1\"><b>gastenverblijf<\/b><\/span> beheerd onder de status van <span class=\"s1\"><b>zelfstandige ondernemer<\/b><\/span>.<\/p>\n<p class=\"p1\">Volgens de regelgeving is het onthaal beperkt tot een klein aantal kamers en valt het niet onder het klassieke hotelregime. De benaming \u201cFive-Room Hotel\u201d die op deze site wordt gebruikt, is een <span class=\"s1\"><b>communicatieformule<\/b><\/span> en vormt geen administratieve of commerci\u00eble classificatie. <\/p>\n<hr>\n<h3><b>Reserveringen<\/b><\/h3>\n<p class=\"p4\"><span class=\"s3\">De reserveringen worden <\/span><b>beheerd door externe platforms<\/b><span class=\"s3\">. De gebruiker wordt uitgenodigd om de  <\/span><b>algemene verkoop- en privacyvoorwaarden van elk platform<\/b><span class=\"s3\"> te raadplegen op het moment van de reservering.<\/span><\/p>\n<hr>\n<h3><b>Persoonlijke gegevens<\/b><\/h3>\n<p class=\"p1\">Er worden geen persoonlijke gegevens verzameld zonder medeweten van de gebruiker.<\/p>\n<p class=\"p1\">Sommige gegevens kunnen worden verzameld via <span class=\"s1\"><b>contactformulieren<\/b><\/span>, en worden alleen gebruikt om te reageren op ontvangen verzoeken.<\/p>\n<p class=\"p1\">Deze gegevens worden <span class=\"s1\"><b>niet overgedragen of doorverkocht<\/b><\/span>, en worden alleen bewaard voor de tijd die nodig is om de verzoeken te verwerken.<\/p>\n<hr>\n<h3><b>Cookies<\/b><\/h3>\n<p class=\"p1\">Deze site gebruikt <span class=\"s1\"><b>Google Analytics<\/b><\/span> om het websiteverkeer te meten.<\/p>\n<p class=\"p1\">Er wordt momenteel geen toestemmingsbanner weergegeven.<\/p>\n<p class=\"p4\"><span class=\"s3\">Door op deze site te navigeren, accepteert de gebruiker <\/span><b>het gebruik van cookies voor geanonimiseerde statistische metingen<\/b><span class=\"s3\">.<\/span><\/p>\n<hr>\n<h3><b>Intellectueel eigendom<\/b><\/h3>\n<p class=\"p1\">Alle teksten, afbeeldingen en inhoud op deze site zijn eigendom van La Maison Fives. Elke volledige of gedeeltelijke reproductie zonder voorafgaande toestemming is verboden. <\/p>\n<hr>\n<p class=\"p1\">\n<p>&nbsp;<\/p>\n<p>&nbsp;<\/p>\n<p>&nbsp;<\/p>\n","protected":false},"excerpt":{"rendered":"<p>Uitgever van de site Deze site wordt uitgegeven door La Maison Fives, een gastenverblijf in Lille. Hosting Deze site wordt gehost door: OVH 2 rue Kellermann, 59100 Roubaix \u2013 Frankrijk www.ovh.com Verantwoordelijke voor de publicatie De verantwoordelijke voor de publicatie is de exploitant van La Maison Fives. Status van de instelling La Maison Fives is [&hellip;]<\/p>\n","protected":false},"author":1,"featured_media":0,"parent":0,"menu_order":0,"comment_status":"closed","ping_status":"closed","template":"","meta":{"_et_pb_use_builder":"","_et_pb_old_content":"","_et_gb_content_width":"","footnotes":""},"class_list":["post-4469","page","type-page","status-publish","hentry"],"yoast_head":"<!-- This site is optimized with the Yoast SEO plugin v25.2 - https:\/\/yoast.com\/wordpress\/plugins\/seo\/ -->\n<title>Juridische vermeldingen - La Maison Fives<\/title>\n<meta name=\"robots\" content=\"index, follow, max-snippet:-1, max-image-preview:large, max-video-preview:-1\" \/>\n<link rel=\"canonical\" href=\"https:\/\/www.lamaisonfives.com\/nl\/juridische-vermeldingen\/\" \/>\n<meta property=\"og:locale\" content=\"nl_NL\" \/>\n<meta property=\"og:type\" content=\"article\" \/>\n<meta property=\"og:title\" content=\"Juridische vermeldingen - La Maison Fives\" \/>\n<meta property=\"og:description\" content=\"Uitgever van de site Deze site wordt uitgegeven door La Maison Fives, een gastenverblijf in Lille. Hosting Deze site wordt gehost door: OVH 2 rue Kellermann, 59100 Roubaix \u2013 Frankrijk www.ovh.com Verantwoordelijke voor de publicatie De verantwoordelijke voor de publicatie is de exploitant van La Maison Fives. Status van de instelling La Maison Fives is [&hellip;]\" \/>\n<meta property=\"og:url\" content=\"https:\/\/www.lamaisonfives.com\/nl\/juridische-vermeldingen\/\" \/>\n<meta property=\"og:site_name\" content=\"La Maison Fives\" \/>\n<meta property=\"article:publisher\" content=\"https:\/\/www.facebook.com\/lalitiere.co\" \/>\n<meta name=\"twitter:card\" content=\"summary_large_image\" \/>\n<meta name=\"twitter:label1\" content=\"Geschatte leestijd\" \/>\n\t<meta name=\"twitter:data1\" content=\"1 minuut\" \/>\n<script type=\"application\/ld+json\" class=\"yoast-schema-graph\">{\"@context\":\"https:\/\/schema.org\",\"@graph\":[{\"@type\":\"WebPage\",\"@id\":\"https:\/\/www.lamaisonfives.com\/nl\/juridische-vermeldingen\/\",\"url\":\"https:\/\/www.lamaisonfives.com\/nl\/juridische-vermeldingen\/\",\"name\":\"Juridische vermeldingen - La Maison Fives\",\"isPartOf\":{\"@id\":\"https:\/\/www.lamaisonfives.com\/nl\/#website\"},\"datePublished\":\"2025-05-29T04:31:25+00:00\",\"breadcrumb\":{\"@id\":\"https:\/\/www.lamaisonfives.com\/nl\/juridische-vermeldingen\/#breadcrumb\"},\"inLanguage\":\"nl-NL\",\"potentialAction\":[{\"@type\":\"ReadAction\",\"target\":[\"https:\/\/www.lamaisonfives.com\/nl\/juridische-vermeldingen\/\"]}]},{\"@type\":\"BreadcrumbList\",\"@id\":\"https:\/\/www.lamaisonfives.com\/nl\/juridische-vermeldingen\/#breadcrumb\",\"itemListElement\":[{\"@type\":\"ListItem\",\"position\":1,\"name\":\"Accueil\",\"item\":\"https:\/\/www.lamaisonfives.com\/nl\/la-maison-fives-vijfkamerhotel-atelier-boetiek-lille-fives-cail\/\"},{\"@type\":\"ListItem\",\"position\":2,\"name\":\"Juridische vermeldingen\"}]},{\"@type\":\"WebSite\",\"@id\":\"https:\/\/www.lamaisonfives.com\/nl\/#website\",\"url\":\"https:\/\/www.lamaisonfives.com\/nl\/\",\"name\":\"La Liti\u00e8re - Expressions & R\u00e9flexions\",\"description\":\"Five-Room Hotel &amp; Atelier-Boutique \u00e0 Lille Fives Cail\",\"publisher\":{\"@id\":\"https:\/\/www.lamaisonfives.com\/nl\/#organization\"},\"alternateName\":\"La Liti\u00e8re\",\"potentialAction\":[{\"@type\":\"SearchAction\",\"target\":{\"@type\":\"EntryPoint\",\"urlTemplate\":\"https:\/\/www.lamaisonfives.com\/nl\/?s={search_term_string}\"},\"query-input\":{\"@type\":\"PropertyValueSpecification\",\"valueRequired\":true,\"valueName\":\"search_term_string\"}}],\"inLanguage\":\"nl-NL\"},{\"@type\":\"Organization\",\"@id\":\"https:\/\/www.lamaisonfives.com\/nl\/#organization\",\"name\":\"La Liti\u00e8re - Expressions & R\u00e9flexions\",\"url\":\"https:\/\/www.lamaisonfives.com\/nl\/\",\"logo\":{\"@type\":\"ImageObject\",\"inLanguage\":\"nl-NL\",\"@id\":\"https:\/\/www.lamaisonfives.com\/nl\/#\/schema\/logo\/image\/\",\"url\":\"https:\/\/www.lamaisonfives.com\/wp-content\/uploads\/2023\/06\/cropped-logo-la-litiere2.png\",\"contentUrl\":\"https:\/\/www.lamaisonfives.com\/wp-content\/uploads\/2023\/06\/cropped-logo-la-litiere2.png\",\"width\":512,\"height\":512,\"caption\":\"La Liti\u00e8re - Expressions & R\u00e9flexions\"},\"image\":{\"@id\":\"https:\/\/www.lamaisonfives.com\/nl\/#\/schema\/logo\/image\/\"},\"sameAs\":[\"https:\/\/www.facebook.com\/lalitiere.co\"]}]}<\/script>\n<!-- \/ Yoast SEO plugin. -->","yoast_head_json":{"title":"Juridische vermeldingen - La Maison Fives","robots":{"index":"index","follow":"follow","max-snippet":"max-snippet:-1","max-image-preview":"max-image-preview:large","max-video-preview":"max-video-preview:-1"},"canonical":"https:\/\/www.lamaisonfives.com\/nl\/juridische-vermeldingen\/","og_locale":"nl_NL","og_type":"article","og_title":"Juridische vermeldingen - La Maison Fives","og_description":"Uitgever van de site Deze site wordt uitgegeven door La Maison Fives, een gastenverblijf in Lille. Hosting Deze site wordt gehost door: OVH 2 rue Kellermann, 59100 Roubaix \u2013 Frankrijk www.ovh.com Verantwoordelijke voor de publicatie De verantwoordelijke voor de publicatie is de exploitant van La Maison Fives. Status van de instelling La Maison Fives is [&hellip;]","og_url":"https:\/\/www.lamaisonfives.com\/nl\/juridische-vermeldingen\/","og_site_name":"La Maison Fives","article_publisher":"https:\/\/www.facebook.com\/lalitiere.co","twitter_card":"summary_large_image","twitter_misc":{"Geschatte leestijd":"1 minuut"},"schema":{"@context":"https:\/\/schema.org","@graph":[{"@type":"WebPage","@id":"https:\/\/www.lamaisonfives.com\/nl\/juridische-vermeldingen\/","url":"https:\/\/www.lamaisonfives.com\/nl\/juridische-vermeldingen\/","name":"Juridische vermeldingen - La Maison Fives","isPartOf":{"@id":"https:\/\/www.lamaisonfives.com\/nl\/#website"},"datePublished":"2025-05-29T04:31:25+00:00","breadcrumb":{"@id":"https:\/\/www.lamaisonfives.com\/nl\/juridische-vermeldingen\/#breadcrumb"},"inLanguage":"nl-NL","potentialAction":[{"@type":"ReadAction","target":["https:\/\/www.lamaisonfives.com\/nl\/juridische-vermeldingen\/"]}]},{"@type":"BreadcrumbList","@id":"https:\/\/www.lamaisonfives.com\/nl\/juridische-vermeldingen\/#breadcrumb","itemListElement":[{"@type":"ListItem","position":1,"name":"Accueil","item":"https:\/\/www.lamaisonfives.com\/nl\/la-maison-fives-vijfkamerhotel-atelier-boetiek-lille-fives-cail\/"},{"@type":"ListItem","position":2,"name":"Juridische vermeldingen"}]},{"@type":"WebSite","@id":"https:\/\/www.lamaisonfives.com\/nl\/#website","url":"https:\/\/www.lamaisonfives.com\/nl\/","name":"La Liti\u00e8re - Expressions & R\u00e9flexions","description":"Five-Room Hotel &amp; Atelier-Boutique \u00e0 Lille Fives Cail","publisher":{"@id":"https:\/\/www.lamaisonfives.com\/nl\/#organization"},"alternateName":"La Liti\u00e8re","potentialAction":[{"@type":"SearchAction","target":{"@type":"EntryPoint","urlTemplate":"https:\/\/www.lamaisonfives.com\/nl\/?s={search_term_string}"},"query-input":{"@type":"PropertyValueSpecification","valueRequired":true,"valueName":"search_term_string"}}],"inLanguage":"nl-NL"},{"@type":"Organization","@id":"https:\/\/www.lamaisonfives.com\/nl\/#organization","name":"La Liti\u00e8re - Expressions & R\u00e9flexions","url":"https:\/\/www.lamaisonfives.com\/nl\/","logo":{"@type":"ImageObject","inLanguage":"nl-NL","@id":"https:\/\/www.lamaisonfives.com\/nl\/#\/schema\/logo\/image\/","url":"https:\/\/www.lamaisonfives.com\/wp-content\/uploads\/2023\/06\/cropped-logo-la-litiere2.png","contentUrl":"https:\/\/www.lamaisonfives.com\/wp-content\/uploads\/2023\/06\/cropped-logo-la-litiere2.png","width":512,"height":512,"caption":"La Liti\u00e8re - Expressions & R\u00e9flexions"},"image":{"@id":"https:\/\/www.lamaisonfives.com\/nl\/#\/schema\/logo\/image\/"},"sameAs":["https:\/\/www.facebook.com\/lalitiere.co"]}]}},"jetpack_sharing_enabled":true,"_links":{"self":[{"href":"https:\/\/www.lamaisonfives.com\/nl\/wp-json\/wp\/v2\/pages\/4469","targetHints":{"allow":["GET"]}}],"collection":[{"href":"https:\/\/www.lamaisonfives.com\/nl\/wp-json\/wp\/v2\/pages"}],"about":[{"href":"https:\/\/www.lamaisonfives.com\/nl\/wp-json\/wp\/v2\/types\/page"}],"author":[{"embeddable":true,"href":"https:\/\/www.lamaisonfives.com\/nl\/wp-json\/wp\/v2\/users\/1"}],"replies":[{"embeddable":true,"href":"https:\/\/www.lamaisonfives.com\/nl\/wp-json\/wp\/v2\/comments?post=4469"}],"version-history":[{"count":0,"href":"https:\/\/www.lamaisonfives.com\/nl\/wp-json\/wp\/v2\/pages\/4469\/revisions"}],"wp:attachment":[{"href":"https:\/\/www.lamaisonfives.com\/nl\/wp-json\/wp\/v2\/media?parent=4469"}],"curies":[{"name":"wp","href":"https:\/\/api.w.org\/{rel}","templated":true}]}}