{"id":4479,"date":"2024-08-19T20:59:30","date_gmt":"2024-08-19T18:59:30","guid":{"rendered":"https:\/\/www.lamaisonfives.com\/verken-de-regio-met-cirkwi\/"},"modified":"2025-06-12T10:27:09","modified_gmt":"2025-06-12T08:27:09","slug":"verken-de-regio-met-cirkwi","status":"publish","type":"page","link":"https:\/\/www.lamaisonfives.com\/nl\/verken-de-regio-met-cirkwi\/","title":{"rendered":"Verken de regio met Cirkwi"},"content":{"rendered":"<p>[et_pb_section fb_built=&#8221;1&#8243; admin_label=&#8221;section&#8221; _builder_version=&#8221;4.23.1&#8243; use_background_color_gradient=&#8221;on&#8221; background_color_gradient_stops=&#8221;rgba(102,98,76,0.19) 0%|rgba(40,37,20,0.22) 100%&#8221; background_color_gradient_overlays_image=&#8221;on&#8221; background_image=&#8221;https:\/\/www.lamaisonfives.com\/wp-content\/uploads\/2023\/12\/plage.webp&#8221; min_height=&#8221;382px&#8221; custom_padding=&#8221;83px||16px||false|false&#8221; global_colors_info=&#8221;{}&#8221;][et_pb_row _builder_version=&#8221;4.23.1&#8243; _module_preset=&#8221;default&#8221; max_width=&#8221;1033px&#8221; module_alignment=&#8221;center&#8221; min_height=&#8221;236.2px&#8221; custom_margin=&#8221;-27px|auto||auto|false|false&#8221; custom_padding=&#8221;14px||9px|||&#8221; global_colors_info=&#8221;{}&#8221;][et_pb_column type=&#8221;4_4&#8243; _builder_version=&#8221;4.23.1&#8243; _module_preset=&#8221;default&#8221; global_colors_info=&#8221;{}&#8221;][et_pb_text _builder_version=&#8221;4.23.1&#8243; _module_preset=&#8221;default&#8221; text_font=&#8221;Montserrat|600|||||||&#8221; text_text_color=&#8221;#FFFFFF&#8221; text_font_size=&#8221;70px&#8221; text_line_height=&#8221;1em&#8221; header_font=&#8221;Aboreto||||||||&#8221; header_text_align=&#8221;center&#8221; header_text_color=&#8221;#FFFFFF&#8221; text_orientation=&#8221;center&#8221; custom_margin=&#8221;0px||0px||true|false&#8221; custom_padding=&#8221;7px||7px||true|false&#8221; text_text_shadow_style=&#8221;preset3&#8243; inline_fonts=&#8221;ABeeZee&#8221; global_colors_info=&#8221;{}&#8221;]<\/p>\n<p>( Bezoek Normandi\u00eb )<\/p>\n<p>[\/et_pb_text][et_pb_text _builder_version=&#8221;4.23.1&#8243; _module_preset=&#8221;default&#8221; text_font=&#8221;Montserrat|500|||||||&#8221; text_text_color=&#8221;#FFFFFF&#8221; text_font_size=&#8221;28px&#8221; header_text_align=&#8221;center&#8221; header_text_color=&#8221;#FFFFFF&#8221; background_color=&#8221;RGBA(255,255,255,0)&#8221; text_orientation=&#8221;center&#8221; custom_margin=&#8221;18px||||false|false&#8221; global_colors_info=&#8221;{}&#8221;]<\/p>\n<p><b>&#8211; met La Maison Folia &#8211;<\/b><\/p>\n<p>[\/et_pb_text][et_pb_button button_url=&#8221;https:\/\/tinyurl.com\/2auhunkm&#8221; button_text=&#8221;  Boek je verblijf hier  &#8221; button_alignment=&#8221;center&#8221; _builder_version=&#8221;4.23.1&#8243; _module_preset=&#8221;default&#8221; custom_button=&#8221;on&#8221; button_text_color=&#8221;#0a0000&#8243; button_bg_color=&#8221;#fffa00&#8243; button_border_width=&#8221;0px&#8221; button_font=&#8221;|700|||||||&#8221; button_use_icon=&#8221;off&#8221; custom_margin=&#8221;||18px|||&#8221; global_colors_info=&#8221;{}&#8221;][\/et_pb_button][\/et_pb_column][\/et_pb_row][\/et_pb_section][et_pb_section fb_built=&#8221;1&#8243; _builder_version=&#8221;4.23.1&#8243; _module_preset=&#8221;default&#8221; background_color=&#8221;#f7f7f7&#8243; custom_margin=&#8221;-21px|||||&#8221; custom_padding=&#8221;8px||21px|||&#8221; global_colors_info=&#8221;{}&#8221;][et_pb_row column_structure=&#8221;3_4,1_4&#8243; _builder_version=&#8221;4.23.1&#8243; _module_preset=&#8221;default&#8221; custom_margin=&#8221;20px|auto||auto||&#8221; custom_padding=&#8221;40px|||||&#8221; global_colors_info=&#8221;{}&#8221;][et_pb_column type=&#8221;3_4&#8243; _builder_version=&#8221;4.23.1&#8243; _module_preset=&#8221;default&#8221; global_colors_info=&#8221;{}&#8221;][et_pb_code _builder_version=&#8221;4.23.1&#8243; _module_preset=&#8221;default&#8221; global_colors_info=&#8221;{}&#8221;][\/et_pb_code][\/et_pb_column][et_pb_column type=&#8221;1_4&#8243; _builder_version=&#8221;4.23.1&#8243; _module_preset=&#8221;default&#8221; global_colors_info=&#8221;{}&#8221;][et_pb_text _builder_version=&#8221;4.23.1&#8243; _module_preset=&#8221;default&#8221; text_font=&#8221;|700|||||||&#8221; text_text_color=&#8221;#0a0a0a&#8221; text_font_size=&#8221;22px&#8221; text_line_height=&#8221;1.3em&#8221; text_orientation=&#8221;center&#8221; custom_margin=&#8221;22px|||||&#8221; global_colors_info=&#8221;{}&#8221;]<\/p>\n<p>Dicht bij belangrijke bezienswaardigheden<\/p>\n<p>[\/et_pb_text][et_pb_button button_url=&#8221;@ET-DC@eyJkeW5hbWljIjp0cnVlLCJjb250ZW50IjoicG9zdF9saW5rX3VybF9wYWdlIiwic2V0dGluZ3MiOnsicG9zdF9pZCI6IjQ0MCJ9fQ==@&#8221; button_text=&#8221;Bezoek La Maison Folia&#8221; button_alignment=&#8221;center&#8221; _builder_version=&#8221;4.23.1&#8243; _dynamic_attributes=&#8221;button_url&#8221; _module_preset=&#8221;default&#8221; custom_button=&#8221;on&#8221; button_text_color=&#8221;#0a0000&#8243; button_bg_color=&#8221;#fffa00&#8243; button_border_width=&#8221;0px&#8221; button_font=&#8221;|700|||||||&#8221; button_use_icon=&#8221;off&#8221; custom_margin=&#8221;||30px|||&#8221; hover_enabled=&#8221;0&#8243; global_colors_info=&#8221;{}&#8221; sticky_enabled=&#8221;0&#8243;][\/et_pb_button][et_pb_text _builder_version=&#8221;4.23.1&#8243; _module_preset=&#8221;default&#8221; text_text_color=&#8221;#0a0a0a&#8221; text_orientation=&#8221;justified&#8221; custom_padding=&#8221;||4px|||&#8221; global_colors_info=&#8221;{}&#8221;]<\/p>\n<p class=\"p1\">La Maison Folia ligt op 10 minuten van grote zandstranden en een paar kilometer van de belangrijkste Normandische bestemmingen zoals Mont St-Michel, de stranden van D-day en de Chausey-eilanden, en heeft een geweldige locatie. Het biedt je een heleboel activiteiten: <\/p>\n<p class=\"p3\"><span class=\"Apple-tab-span\"> <\/span>\u2022<span class=\"Apple-tab-span\"> <\/span><b>In de buurt<\/b>: Ontdek de stranden van Hauteville sur Mer, Montmartin sur mer en Annoville, het kasteel en de zoutmoerassen van Regneville-sur-Mer, de vissershaven van Granville, de punt van Agon of de Chausey-eilanden.<\/p>\n<p class=\"p3\"><span class=\"Apple-tab-span\"> <\/span>\u2022<span class=\"Apple-tab-span\"> <\/span><b>Iets verder weg<\/b>: Verken de Mont St Michel, Utha Beach, de semafoor van Barneville-Carteret, Cap de la Hague en Nez de Jobourg, het eiland Tatihou of de klokken van Villedieu-les-Po\u00eales.<\/p>\n<p>[\/et_pb_text][et_pb_button button_url=&#8221;@ET-DC@eyJkeW5hbWljIjp0cnVlLCJjb250ZW50IjoicG9zdF9saW5rX3VybF9wYWdlIiwic2V0dGluZ3MiOnsicG9zdF9pZCI6IjQ0MCJ9fQ==@&#8221; button_text=&#8221;Bezoek La Maison Folia&#8221; button_alignment=&#8221;center&#8221; _builder_version=&#8221;4.23.1&#8243; _dynamic_attributes=&#8221;button_url&#8221; _module_preset=&#8221;default&#8221; custom_button=&#8221;on&#8221; button_text_color=&#8221;#0a0000&#8243; button_bg_color=&#8221;#fffa00&#8243; button_border_width=&#8221;0px&#8221; button_font=&#8221;|700|||||||&#8221; button_use_icon=&#8221;off&#8221; custom_margin=&#8221;||30px|||&#8221; global_colors_info=&#8221;{}&#8221;][\/et_pb_button][\/et_pb_column][\/et_pb_row][\/et_pb_section][et_pb_section fb_built=&#8221;1&#8243; _builder_version=&#8221;4.23.1&#8243; _module_preset=&#8221;default&#8221; global_colors_info=&#8221;{}&#8221;][et_pb_row _builder_version=&#8221;4.23.1&#8243; _module_preset=&#8221;default&#8221; global_colors_info=&#8221;{}&#8221;][et_pb_column type=&#8221;4_4&#8243; _builder_version=&#8221;4.23.1&#8243; _module_preset=&#8221;default&#8221; global_colors_info=&#8221;{}&#8221;][et_pb_text _builder_version=&#8221;4.23.1&#8243; _module_preset=&#8221;default&#8221; text_text_color=&#8221;#0a0a0a&#8221; text_orientation=&#8221;justified&#8221; locked=&#8221;off&#8221; global_colors_info=&#8221;{}&#8221;]Granville, Mont Saint-Michel, Agon-Coutainville of de stranden van D-day&#8230; Een uitzonderlijke toeristische plek, beroemd in Frankrijk om z&#8217;n strandzeilen, surfgolven en Moncey-oesters. Wat dit gebied zo bijzonder maakt, is de kustrivierr de Sienne, die op minder dan 1 km van Maison Folia stroomt en 10 km verderop in zee uitmondt. Een geweldig avontuur om te beleven met je partner, vrienden of familie!<br \/>\nHet dorpje Quettreville-sur-Sienne ligt op 2 kilometer afstand, waar je een bakker, dokter, apotheek, tabakswinkel, postkantoor, caf\u00e9s en restaurants kunt vinden&#8230;<\/p>\n<p>De zee ligt op 9 km afstand en is bereikbaar via landweggetjes. Je vindt er drukbezochte zandstranden zoals in Hauteville-sur-Mer of Agon-Coutainville, of meer ongerepte stranden zoals in Annoville. Bij eb trekt de zee zich terug en laat een strand van 2 km achter.[\/et_pb_text][\/et_pb_column][\/et_pb_row][et_pb_row column_structure=&#8221;1_3,1_3,1_3&#8243; _builder_version=&#8221;4.23.1&#8243; _module_preset=&#8221;default&#8221; global_colors_info=&#8221;{}&#8221;][et_pb_column type=&#8221;1_3&#8243; _builder_version=&#8221;4.23.1&#8243; _module_preset=&#8221;default&#8221; global_colors_info=&#8221;{}&#8221;][et_pb_text _builder_version=&#8221;4.23.1&#8243; _module_preset=&#8221;default&#8221; text_font=&#8221;|700|||||||&#8221; text_text_color=&#8221;#0a0a0a&#8221; text_font_size=&#8221;22px&#8221; text_orientation=&#8221;center&#8221; locked=&#8221;off&#8221; global_colors_info=&#8221;{}&#8221;]Ontdek de Havre de la Sienne per kano[\/et_pb_text][et_pb_text _builder_version=&#8221;4.23.1&#8243; _module_preset=&#8221;default&#8221; text_text_color=&#8221;#0a0a0a&#8221; text_orientation=&#8221;justified&#8221; custom_padding=&#8221;0px|||||&#8221; locked=&#8221;off&#8221; global_colors_info=&#8221;{}&#8221;]Beleef een onvergetelijke dag met vrienden of familie door de Sienne af te varen van Quettreville-sur-Sienne naar de zee bij Hauteville-sur-Mer. De tocht over de Sienne begint tussen de velden (2 uur varen), gaat door de prachtige Havre de la Sienne (2,5 uur varen) en eindigt in de zee bij Hauteville-sur-Mer.[\/et_pb_text][\/et_pb_column][et_pb_column type=&#8221;1_3&#8243; _builder_version=&#8221;4.23.1&#8243; _module_preset=&#8221;default&#8221; global_colors_info=&#8221;{}&#8221;][et_pb_text _builder_version=&#8221;4.23.1&#8243; _module_preset=&#8221;default&#8221; text_font=&#8221;|700|||||||&#8221; text_text_color=&#8221;#0a0a0a&#8221; text_font_size=&#8221;22px&#8221; text_orientation=&#8221;center&#8221; locked=&#8221;off&#8221; global_colors_info=&#8221;{}&#8221;]Wandelingen, tochten en toeristische plekken[\/et_pb_text][et_pb_text _builder_version=&#8221;4.23.1&#8243; _module_preset=&#8221;default&#8221; text_text_color=&#8221;#0a0a0a&#8221; text_orientation=&#8221;justified&#8221; custom_padding=&#8221;0px|||||&#8221; locked=&#8221;off&#8221; global_colors_info=&#8221;{}&#8221;]Honderden wandelingen en bezienswaardigheden rond Maison FOLIA staan vermeld op de website en app van CIRKWI: www.cirkwi.com[\/et_pb_text][\/et_pb_column][et_pb_column type=&#8221;1_3&#8243; _builder_version=&#8221;4.23.1&#8243; _module_preset=&#8221;default&#8221; global_colors_info=&#8221;{}&#8221;][et_pb_text _builder_version=&#8221;4.23.1&#8243; _module_preset=&#8221;default&#8221; text_font=&#8221;|700|||||||&#8221; text_text_color=&#8221;#0a0a0a&#8221; text_font_size=&#8221;22px&#8221; text_orientation=&#8221;center&#8221; locked=&#8221;off&#8221; global_colors_info=&#8221;{}&#8221;]Surfen, bodyboarden en watersport[\/et_pb_text][et_pb_text _builder_version=&#8221;4.23.1&#8243; _module_preset=&#8221;default&#8221; text_text_color=&#8221;#0a0a0a&#8221; text_orientation=&#8221;justified&#8221; custom_padding=&#8221;0px|||||&#8221; locked=&#8221;off&#8221; global_colors_info=&#8221;{}&#8221;]Siouville La Hague is een van de mooiste surfstranden van Normandi\u00eb. De surfclub ter plaatse verhuurt planken en wetsuits voor \u20ac20: www.cotentinsurfclub.com. We hebben een catamaran (newcat 16), als je ervaring hebt, kunnen we het erover hebben. Verder kun je catamarans, stand-up paddles en strandzeilers huren in Hauteville-sur-Mer. Meer info: www.anh-asso.fr .[\/et_pb_text][\/et_pb_column][\/et_pb_row][\/et_pb_section]<\/p>\n","protected":false},"excerpt":{"rendered":"<p>( Bezoek Normandi\u00eb )- met La Maison Folia &#8211;Dicht bij belangrijke bezienswaardighedenLa Maison Folia ligt op 10 minuten van grote zandstranden en een paar kilometer van de belangrijkste Normandische bestemmingen zoals Mont St-Michel, de stranden van D-day en de Chausey-eilanden, en heeft een geweldige locatie. Het biedt je een heleboel activiteiten: \u2022 In de [&hellip;]<\/p>\n","protected":false},"author":1,"featured_media":0,"parent":0,"menu_order":0,"comment_status":"closed","ping_status":"closed","template":"","meta":{"_et_pb_use_builder":"on","_et_pb_old_content":"","_et_gb_content_width":"","footnotes":""},"class_list":["post-4479","page","type-page","status-publish","hentry"],"yoast_head":"<!-- This site is optimized with the Yoast SEO plugin v25.2 - https:\/\/yoast.com\/wordpress\/plugins\/seo\/ -->\n<title>La Maison Folia - verhuur en accommodatie in Normandi\u00eb<\/title>\n<meta name=\"description\" content=\"La Maison Folia in Normandi\u00eb ligt ideaal tussen de stranden van D-day en de Mont-Saint-Michel, en biedt vier designkamers en een park van 1,5 hectare voor een verblijf tussen land en zee.\" \/>\n<meta name=\"robots\" content=\"index, follow, max-snippet:-1, max-image-preview:large, max-video-preview:-1\" \/>\n<link rel=\"canonical\" href=\"https:\/\/www.lamaisonfives.com\/nl\/verken-de-regio-met-cirkwi\/\" \/>\n<meta property=\"og:locale\" content=\"nl_NL\" \/>\n<meta property=\"og:type\" content=\"article\" \/>\n<meta property=\"og:title\" content=\"La Maison Folia - verhuur en accommodatie in Normandi\u00eb\" \/>\n<meta property=\"og:description\" content=\"La Maison Folia in Normandi\u00eb ligt ideaal tussen de stranden van D-day en de Mont-Saint-Michel, en biedt vier designkamers en een park van 1,5 hectare voor een verblijf tussen land en zee.\" \/>\n<meta property=\"og:url\" content=\"https:\/\/www.lamaisonfives.com\/nl\/verken-de-regio-met-cirkwi\/\" \/>\n<meta property=\"og:site_name\" content=\"La Maison Fives\" \/>\n<meta property=\"article:publisher\" content=\"https:\/\/www.facebook.com\/lalitiere.co\" \/>\n<meta property=\"article:modified_time\" content=\"2025-06-12T08:27:09+00:00\" \/>\n<meta name=\"twitter:card\" content=\"summary_large_image\" \/>\n<meta name=\"twitter:label1\" content=\"Geschatte leestijd\" \/>\n\t<meta name=\"twitter:data1\" content=\"6 minuut\" \/>\n<script type=\"application\/ld+json\" class=\"yoast-schema-graph\">{\"@context\":\"https:\/\/schema.org\",\"@graph\":[{\"@type\":\"WebPage\",\"@id\":\"https:\/\/www.lamaisonfives.com\/nl\/verken-de-regio-met-cirkwi\/\",\"url\":\"https:\/\/www.lamaisonfives.com\/nl\/verken-de-regio-met-cirkwi\/\",\"name\":\"La Maison Folia - verhuur en accommodatie in Normandi\u00eb\",\"isPartOf\":{\"@id\":\"https:\/\/www.lamaisonfives.com\/nl\/#website\"},\"datePublished\":\"2024-08-19T18:59:30+00:00\",\"dateModified\":\"2025-06-12T08:27:09+00:00\",\"description\":\"La Maison Folia in Normandi\u00eb ligt ideaal tussen de stranden van D-day en de Mont-Saint-Michel, en biedt vier designkamers en een park van 1,5 hectare voor een verblijf tussen land en zee.\",\"breadcrumb\":{\"@id\":\"https:\/\/www.lamaisonfives.com\/nl\/verken-de-regio-met-cirkwi\/#breadcrumb\"},\"inLanguage\":\"nl-NL\",\"potentialAction\":[{\"@type\":\"ReadAction\",\"target\":[\"https:\/\/www.lamaisonfives.com\/nl\/verken-de-regio-met-cirkwi\/\"]}]},{\"@type\":\"BreadcrumbList\",\"@id\":\"https:\/\/www.lamaisonfives.com\/nl\/verken-de-regio-met-cirkwi\/#breadcrumb\",\"itemListElement\":[{\"@type\":\"ListItem\",\"position\":1,\"name\":\"Accueil\",\"item\":\"https:\/\/www.lamaisonfives.com\/nl\/la-maison-fives-vijfkamerhotel-atelier-boetiek-lille-fives-cail\/\"},{\"@type\":\"ListItem\",\"position\":2,\"name\":\"Verken de regio met Cirkwi\"}]},{\"@type\":\"WebSite\",\"@id\":\"https:\/\/www.lamaisonfives.com\/nl\/#website\",\"url\":\"https:\/\/www.lamaisonfives.com\/nl\/\",\"name\":\"La Liti\u00e8re - Expressions & R\u00e9flexions\",\"description\":\"Five-Room Hotel &amp; Atelier-Boutique \u00e0 Lille Fives Cail\",\"publisher\":{\"@id\":\"https:\/\/www.lamaisonfives.com\/nl\/#organization\"},\"alternateName\":\"La Liti\u00e8re\",\"potentialAction\":[{\"@type\":\"SearchAction\",\"target\":{\"@type\":\"EntryPoint\",\"urlTemplate\":\"https:\/\/www.lamaisonfives.com\/nl\/?s={search_term_string}\"},\"query-input\":{\"@type\":\"PropertyValueSpecification\",\"valueRequired\":true,\"valueName\":\"search_term_string\"}}],\"inLanguage\":\"nl-NL\"},{\"@type\":\"Organization\",\"@id\":\"https:\/\/www.lamaisonfives.com\/nl\/#organization\",\"name\":\"La Liti\u00e8re - Expressions & R\u00e9flexions\",\"url\":\"https:\/\/www.lamaisonfives.com\/nl\/\",\"logo\":{\"@type\":\"ImageObject\",\"inLanguage\":\"nl-NL\",\"@id\":\"https:\/\/www.lamaisonfives.com\/nl\/#\/schema\/logo\/image\/\",\"url\":\"https:\/\/www.lamaisonfives.com\/wp-content\/uploads\/2023\/06\/cropped-logo-la-litiere2.png\",\"contentUrl\":\"https:\/\/www.lamaisonfives.com\/wp-content\/uploads\/2023\/06\/cropped-logo-la-litiere2.png\",\"width\":512,\"height\":512,\"caption\":\"La Liti\u00e8re - Expressions & R\u00e9flexions\"},\"image\":{\"@id\":\"https:\/\/www.lamaisonfives.com\/nl\/#\/schema\/logo\/image\/\"},\"sameAs\":[\"https:\/\/www.facebook.com\/lalitiere.co\"]}]}<\/script>\n<!-- \/ Yoast SEO plugin. -->","yoast_head_json":{"title":"La Maison Folia - verhuur en accommodatie in Normandi\u00eb","description":"La Maison Folia in Normandi\u00eb ligt ideaal tussen de stranden van D-day en de Mont-Saint-Michel, en biedt vier designkamers en een park van 1,5 hectare voor een verblijf tussen land en zee.","robots":{"index":"index","follow":"follow","max-snippet":"max-snippet:-1","max-image-preview":"max-image-preview:large","max-video-preview":"max-video-preview:-1"},"canonical":"https:\/\/www.lamaisonfives.com\/nl\/verken-de-regio-met-cirkwi\/","og_locale":"nl_NL","og_type":"article","og_title":"La Maison Folia - verhuur en accommodatie in Normandi\u00eb","og_description":"La Maison Folia in Normandi\u00eb ligt ideaal tussen de stranden van D-day en de Mont-Saint-Michel, en biedt vier designkamers en een park van 1,5 hectare voor een verblijf tussen land en zee.","og_url":"https:\/\/www.lamaisonfives.com\/nl\/verken-de-regio-met-cirkwi\/","og_site_name":"La Maison Fives","article_publisher":"https:\/\/www.facebook.com\/lalitiere.co","article_modified_time":"2025-06-12T08:27:09+00:00","twitter_card":"summary_large_image","twitter_misc":{"Geschatte leestijd":"6 minuut"},"schema":{"@context":"https:\/\/schema.org","@graph":[{"@type":"WebPage","@id":"https:\/\/www.lamaisonfives.com\/nl\/verken-de-regio-met-cirkwi\/","url":"https:\/\/www.lamaisonfives.com\/nl\/verken-de-regio-met-cirkwi\/","name":"La Maison Folia - verhuur en accommodatie in Normandi\u00eb","isPartOf":{"@id":"https:\/\/www.lamaisonfives.com\/nl\/#website"},"datePublished":"2024-08-19T18:59:30+00:00","dateModified":"2025-06-12T08:27:09+00:00","description":"La Maison Folia in Normandi\u00eb ligt ideaal tussen de stranden van D-day en de Mont-Saint-Michel, en biedt vier designkamers en een park van 1,5 hectare voor een verblijf tussen land en zee.","breadcrumb":{"@id":"https:\/\/www.lamaisonfives.com\/nl\/verken-de-regio-met-cirkwi\/#breadcrumb"},"inLanguage":"nl-NL","potentialAction":[{"@type":"ReadAction","target":["https:\/\/www.lamaisonfives.com\/nl\/verken-de-regio-met-cirkwi\/"]}]},{"@type":"BreadcrumbList","@id":"https:\/\/www.lamaisonfives.com\/nl\/verken-de-regio-met-cirkwi\/#breadcrumb","itemListElement":[{"@type":"ListItem","position":1,"name":"Accueil","item":"https:\/\/www.lamaisonfives.com\/nl\/la-maison-fives-vijfkamerhotel-atelier-boetiek-lille-fives-cail\/"},{"@type":"ListItem","position":2,"name":"Verken de regio met Cirkwi"}]},{"@type":"WebSite","@id":"https:\/\/www.lamaisonfives.com\/nl\/#website","url":"https:\/\/www.lamaisonfives.com\/nl\/","name":"La Liti\u00e8re - Expressions & R\u00e9flexions","description":"Five-Room Hotel &amp; Atelier-Boutique \u00e0 Lille Fives Cail","publisher":{"@id":"https:\/\/www.lamaisonfives.com\/nl\/#organization"},"alternateName":"La Liti\u00e8re","potentialAction":[{"@type":"SearchAction","target":{"@type":"EntryPoint","urlTemplate":"https:\/\/www.lamaisonfives.com\/nl\/?s={search_term_string}"},"query-input":{"@type":"PropertyValueSpecification","valueRequired":true,"valueName":"search_term_string"}}],"inLanguage":"nl-NL"},{"@type":"Organization","@id":"https:\/\/www.lamaisonfives.com\/nl\/#organization","name":"La Liti\u00e8re - Expressions & R\u00e9flexions","url":"https:\/\/www.lamaisonfives.com\/nl\/","logo":{"@type":"ImageObject","inLanguage":"nl-NL","@id":"https:\/\/www.lamaisonfives.com\/nl\/#\/schema\/logo\/image\/","url":"https:\/\/www.lamaisonfives.com\/wp-content\/uploads\/2023\/06\/cropped-logo-la-litiere2.png","contentUrl":"https:\/\/www.lamaisonfives.com\/wp-content\/uploads\/2023\/06\/cropped-logo-la-litiere2.png","width":512,"height":512,"caption":"La Liti\u00e8re - Expressions & R\u00e9flexions"},"image":{"@id":"https:\/\/www.lamaisonfives.com\/nl\/#\/schema\/logo\/image\/"},"sameAs":["https:\/\/www.facebook.com\/lalitiere.co"]}]}},"jetpack_sharing_enabled":true,"_links":{"self":[{"href":"https:\/\/www.lamaisonfives.com\/nl\/wp-json\/wp\/v2\/pages\/4479","targetHints":{"allow":["GET"]}}],"collection":[{"href":"https:\/\/www.lamaisonfives.com\/nl\/wp-json\/wp\/v2\/pages"}],"about":[{"href":"https:\/\/www.lamaisonfives.com\/nl\/wp-json\/wp\/v2\/types\/page"}],"author":[{"embeddable":true,"href":"https:\/\/www.lamaisonfives.com\/nl\/wp-json\/wp\/v2\/users\/1"}],"replies":[{"embeddable":true,"href":"https:\/\/www.lamaisonfives.com\/nl\/wp-json\/wp\/v2\/comments?post=4479"}],"version-history":[{"count":1,"href":"https:\/\/www.lamaisonfives.com\/nl\/wp-json\/wp\/v2\/pages\/4479\/revisions"}],"predecessor-version":[{"id":4482,"href":"https:\/\/www.lamaisonfives.com\/nl\/wp-json\/wp\/v2\/pages\/4479\/revisions\/4482"}],"wp:attachment":[{"href":"https:\/\/www.lamaisonfives.com\/nl\/wp-json\/wp\/v2\/media?parent=4479"}],"curies":[{"name":"wp","href":"https:\/\/api.w.org\/{rel}","templated":true}]}}