{"id":4813,"date":"2025-06-23T17:37:34","date_gmt":"2025-06-23T15:37:34","guid":{"rendered":"https:\/\/www.lamaisonfives.com\/?post_type=product&#038;p=4813"},"modified":"2025-06-26T16:57:14","modified_gmt":"2025-06-26T14:57:14","slug":"cloche-fromage-gres-blanc-bouton-rose-artisanale","status":"publish","type":"product","link":"https:\/\/www.lamaisonfives.com\/nl\/produit\/cloche-fromage-gres-blanc-bouton-rose-artisanale\/","title":{"rendered":"Cloche \u00e0 fromage en c\u00e9ramique artisanale \u2013 gr\u00e8s blanc pyrit\u00e9, bouton ros\u00e9, tourn\u00e9e main \u00e0 Lille Fives"},"content":{"rendered":"<p>Cette cloche \u00e0 fromage en c\u00e9ramique artisanale, fa\u00e7onn\u00e9e en gr\u00e8s blanc pyrit\u00e9 de Saint-Aubin, est tourn\u00e9e \u00e0 la main \u00e0 Lille Fives, dans l\u2019atelier-boutique La Maison Fives. Elle est recouverte d\u2019un \u00e9mail brillant qui laisse appara\u00eetre la texture naturelle de la terre, l\u00e9g\u00e8rement pyrit\u00e9e.<\/p>\n<p>Sa silhouette douce et \u00e9pur\u00e9e se termine par un petit bouton arrondi, subtilement teint\u00e9 d\u2019un engobe rose clair. Pratique pour le fromage, elle peut aussi accueillir du beurre ou des douceurs \u00e0 partager. La base (diam\u00e8tre 16 cm) \u00e9pouse parfaitement la cloche (diam\u00e8tre 14,5 cm), pour une fermeture esth\u00e9tique et fonctionnelle.<\/p>\n<p>L\u2019ensemble est enti\u00e8rement tourn\u00e9 \u00e0 la main et cuit \u00e0 haute temp\u00e9rature pour une parfaite \u00e9tanch\u00e9it\u00e9. Un bel objet de vaisselle artisanale du quotidien, \u00e9l\u00e9gant, durable et \u00e0 poser sur toutes les tables.<\/p>\n<p>\u2e3b<\/p>\n<p>Dimensions :<br \/>\nAssiette : diam\u00e8tre 16 cm<br \/>\nCloche : diam\u00e8tre 14,5 cm, hauteur totale environ 12 cm<\/p>\n<p>\u2e3b<\/p>\n<p>Mat\u00e9riau :<br \/>\nGr\u00e8s blanc l\u00e9g\u00e8rement pyrit\u00e9 de Saint-Aubin<\/p>\n<p>\u2e3b<\/p>\n<p>Finition \/ Techniques :<br \/>\nTournage<br \/>\n\u00c9mail transparent brillant laissant appara\u00eetre les petits points naturels de la terre<br \/>\nL\u00e9ger engobe rose sur le bouton<\/p>\n<p>\u2e3b<\/p>\n<p>Utilisation pr\u00e9vue :<br \/>\nCloche \u00e0 fromage en c\u00e9ramique artisanale ou beurrier de table, fa\u00e7onn\u00e9 \u00e0 la main \u00e0 Lille Fives Cail<\/p>\n<p>\u2e3b<\/p>\n<p>Inspiration :<br \/>\nL\u2019envie de proposer une forme simple et chaleureuse pour les tables du quotidien. Le bouton rose \u00e9voque un sommet enneig\u00e9 l\u00e9g\u00e8rement teint\u00e9 par le soleil du matin.<\/p>\n","protected":false},"excerpt":{"rendered":"<p>Cloche \u00e0 fromage ou beurrier en c\u00e9ramique artisanale, fa\u00e7onn\u00e9 \u00e0 la main \u00e0 Lille Fives en gr\u00e8s blanc pyrit\u00e9. \u00c9maill\u00e9e avec un fini brillant, elle laisse appara\u00eetre la texture naturelle de la terre. Son bouton l\u00e9g\u00e8rement ros\u00e9 apporte une touche singuli\u00e8re et douce. Le socle de 16 cm s\u2019accorde parfaitement avec la cloche de 14,5 cm. Un bel objet du quotidien, \u00e0 la fois utile et d\u00e9coratif, sign\u00e9 La Maison Fives.<\/p>\n","protected":false},"featured_media":4814,"comment_status":"open","ping_status":"closed","template":"","meta":{"_et_pb_use_builder":"off","_et_pb_old_content":"<p class=\"p1\">Vous cherchez le compagnon parfait pour vos soupes, salades ou desserts pr\u00e9f\u00e9r\u00e9s ? Laissez-nous vous pr\u00e9senter le bol Tha\u00ef en gr\u00e8s, une merveille d\u2019artisanat cr\u00e9\u00e9e par Soula, notre c\u00e9ramiste exceptionnelle de La Maison Folia. Ce bol unique, mesurant 11 cm de large sur 7 cm de haut, allie parfaitement \u00e9l\u00e9gance et praticit\u00e9.<\/p>\r\n<p class=\"p1\">Chaque bol est fa\u00e7onn\u00e9 \u00e0 la main, ce qui lui conf\u00e8re une personnalit\u00e9 et un charme uniques. Les petites variations dans la forme et les finitions t\u00e9moignent de son authenticit\u00e9 artisanale. La texture douce et l\u00e9g\u00e8rement granuleuse du gr\u00e8s, combin\u00e9e \u00e0 une teinte apaisante, fait de ce bol un v\u00e9ritable plaisir visuel et tactile.<\/p>\r\n<p class=\"p1\">Le bol Tha\u00ef est non seulement beau mais aussi fonctionnel. Sa taille id\u00e9ale permet de servir une vari\u00e9t\u00e9 de plats, des soupes r\u00e9confortantes aux salades rafra\u00eechissantes, en passant par vos desserts gourmands. Sa forme ergonomique et sa robustesse en font un alli\u00e9 quotidien dans votre cuisine, ajoutant une touche d\u2019\u00e9l\u00e9gance \u00e0 chaque repas.<\/p>\r\n<p class=\"p1\">Imagin\u00e9 et r\u00e9alis\u00e9 dans notre atelier, ce bol est inspir\u00e9 par la beaut\u00e9 intemporelle de la c\u00e9ramique traditionnelle, avec une touche moderne. Soula s\u2019inspire de la simplicit\u00e9 et de l\u2019\u00e9l\u00e9gance de la culture tha\u00eflandaise pour cr\u00e9er des pi\u00e8ces qui ne sont pas seulement fonctionnelles, mais aussi des \u0153uvres d\u2019art en elles-m\u00eames.<\/p>\r\n<p class=\"p1\">Ne manquez pas l\u2019occasion d\u2019ajouter ce bol Tha\u00ef en gr\u00e8s \u00e0 votre collection. Chaque repas devient une exp\u00e9rience unique, remplie de beaut\u00e9 et de plaisir. Commandez d\u00e8s maintenant et laissez ce bol artisanal transformer vos moments culinaires en v\u00e9ritables instants de bonheur.<\/p>","_et_gb_content_width":""},"product_brand":[],"product_cat":[48,49],"product_tag":[42,54,53],"class_list":{"0":"post-4813","1":"product","2":"type-product","3":"status-publish","4":"has-post-thumbnail","6":"product_cat-ceramique","7":"product_cat-vaisselle","8":"product_tag-mobilier","9":"product_tag-mug","10":"product_tag-vaisselle","11":"product_shipping_class-normal","13":"first","14":"instock","15":"shipping-taxable","16":"purchasable","17":"product-type-simple"},"yoast_head":"<!-- This site is optimized with the Yoast SEO plugin v25.2 - https:\/\/yoast.com\/wordpress\/plugins\/seo\/ -->\n<title>Cloche \u00e0 fromage en c\u00e9ramique artisanale \u2013 gr\u00e8s blanc pyrit\u00e9, bouton ros\u00e9, tourn\u00e9e main \u00e0 Lille Fives - La Maison Fives<\/title>\n<meta name=\"robots\" content=\"index, follow, max-snippet:-1, max-image-preview:large, max-video-preview:-1\" \/>\n<link rel=\"canonical\" href=\"https:\/\/www.lamaisonfives.com\/nl\/produit\/cloche-fromage-gres-blanc-bouton-rose-artisanale\/\" \/>\n<meta property=\"og:locale\" content=\"nl_NL\" \/>\n<meta property=\"og:type\" content=\"article\" \/>\n<meta property=\"og:title\" content=\"Cloche \u00e0 fromage en c\u00e9ramique artisanale \u2013 gr\u00e8s blanc pyrit\u00e9, bouton ros\u00e9, tourn\u00e9e main \u00e0 Lille Fives - La Maison Fives\" \/>\n<meta property=\"og:description\" content=\"Cloche \u00e0 fromage ou beurrier en c\u00e9ramique artisanale, fa\u00e7onn\u00e9 \u00e0 la main \u00e0 Lille Fives en gr\u00e8s blanc pyrit\u00e9. \u00c9maill\u00e9e avec un fini brillant, elle laisse appara\u00eetre la texture naturelle de la terre. Son bouton l\u00e9g\u00e8rement ros\u00e9 apporte une touche singuli\u00e8re et douce. Le socle de 16 cm s\u2019accorde parfaitement avec la cloche de 14,5 cm. Un bel objet du quotidien, \u00e0 la fois utile et d\u00e9coratif, sign\u00e9 La Maison Fives.\" \/>\n<meta property=\"og:url\" content=\"https:\/\/www.lamaisonfives.com\/nl\/produit\/cloche-fromage-gres-blanc-bouton-rose-artisanale\/\" \/>\n<meta property=\"og:site_name\" content=\"La Maison Fives\" \/>\n<meta property=\"article:publisher\" content=\"https:\/\/www.facebook.com\/lalitiere.co\" \/>\n<meta property=\"article:modified_time\" content=\"2025-06-26T14:57:14+00:00\" \/>\n<meta property=\"og:image\" content=\"https:\/\/www.lamaisonfives.com\/wp-content\/uploads\/2025\/06\/20250612_124653-scaled.jpg\" \/>\n\t<meta property=\"og:image:width\" content=\"2560\" \/>\n\t<meta property=\"og:image:height\" content=\"2348\" \/>\n\t<meta property=\"og:image:type\" content=\"image\/jpeg\" \/>\n<meta name=\"twitter:card\" content=\"summary_large_image\" \/>\n<meta name=\"twitter:label1\" content=\"Geschatte leestijd\" \/>\n\t<meta name=\"twitter:data1\" content=\"2 minuut\" \/>\n<script type=\"application\/ld+json\" class=\"yoast-schema-graph\">{\"@context\":\"https:\/\/schema.org\",\"@graph\":[{\"@type\":\"WebPage\",\"@id\":\"https:\/\/www.lamaisonfives.com\/nl\/produit\/cloche-fromage-gres-blanc-bouton-rose-artisanale\/\",\"url\":\"https:\/\/www.lamaisonfives.com\/nl\/produit\/cloche-fromage-gres-blanc-bouton-rose-artisanale\/\",\"name\":\"Cloche \u00e0 fromage en c\u00e9ramique artisanale \u2013 gr\u00e8s blanc pyrit\u00e9, bouton ros\u00e9, tourn\u00e9e main \u00e0 Lille Fives - La Maison Fives\",\"isPartOf\":{\"@id\":\"https:\/\/www.lamaisonfives.com\/nl\/#website\"},\"primaryImageOfPage\":{\"@id\":\"https:\/\/www.lamaisonfives.com\/nl\/produit\/cloche-fromage-gres-blanc-bouton-rose-artisanale\/#primaryimage\"},\"image\":{\"@id\":\"https:\/\/www.lamaisonfives.com\/nl\/produit\/cloche-fromage-gres-blanc-bouton-rose-artisanale\/#primaryimage\"},\"thumbnailUrl\":\"https:\/\/www.lamaisonfives.com\/wp-content\/uploads\/2025\/06\/20250612_124653-scaled.jpg\",\"datePublished\":\"2025-06-23T15:37:34+00:00\",\"dateModified\":\"2025-06-26T14:57:14+00:00\",\"breadcrumb\":{\"@id\":\"https:\/\/www.lamaisonfives.com\/nl\/produit\/cloche-fromage-gres-blanc-bouton-rose-artisanale\/#breadcrumb\"},\"inLanguage\":\"nl-NL\",\"potentialAction\":[{\"@type\":\"ReadAction\",\"target\":[\"https:\/\/www.lamaisonfives.com\/nl\/produit\/cloche-fromage-gres-blanc-bouton-rose-artisanale\/\"]}]},{\"@type\":\"ImageObject\",\"inLanguage\":\"nl-NL\",\"@id\":\"https:\/\/www.lamaisonfives.com\/nl\/produit\/cloche-fromage-gres-blanc-bouton-rose-artisanale\/#primaryimage\",\"url\":\"https:\/\/www.lamaisonfives.com\/wp-content\/uploads\/2025\/06\/20250612_124653-scaled.jpg\",\"contentUrl\":\"https:\/\/www.lamaisonfives.com\/wp-content\/uploads\/2025\/06\/20250612_124653-scaled.jpg\",\"width\":2560,\"height\":2348},{\"@type\":\"BreadcrumbList\",\"@id\":\"https:\/\/www.lamaisonfives.com\/nl\/produit\/cloche-fromage-gres-blanc-bouton-rose-artisanale\/#breadcrumb\",\"itemListElement\":[{\"@type\":\"ListItem\",\"position\":1,\"name\":\"Accueil\",\"item\":\"https:\/\/www.lamaisonfives.com\/nl\/la-maison-fives-vijfkamerhotel-atelier-boetiek-lille-fives-cail\/\"},{\"@type\":\"ListItem\",\"position\":2,\"name\":\"Het Atelier-Boetiek &#8211; LA MAISON FIVES \u2013 Lille Fives Cail\",\"item\":\"https:\/\/www.lamaisonfives.com\/nl\/winkel\/\"},{\"@type\":\"ListItem\",\"position\":3,\"name\":\"Cloche \u00e0 fromage en c\u00e9ramique artisanale \u2013 gr\u00e8s blanc pyrit\u00e9, bouton ros\u00e9, tourn\u00e9e main \u00e0 Lille Fives\"}]},{\"@type\":\"WebSite\",\"@id\":\"https:\/\/www.lamaisonfives.com\/nl\/#website\",\"url\":\"https:\/\/www.lamaisonfives.com\/nl\/\",\"name\":\"La Liti\u00e8re - Expressions & R\u00e9flexions\",\"description\":\"Five-Room Hotel &amp; Atelier-Boutique \u00e0 Lille Fives Cail\",\"publisher\":{\"@id\":\"https:\/\/www.lamaisonfives.com\/nl\/#organization\"},\"alternateName\":\"La Liti\u00e8re\",\"potentialAction\":[{\"@type\":\"SearchAction\",\"target\":{\"@type\":\"EntryPoint\",\"urlTemplate\":\"https:\/\/www.lamaisonfives.com\/nl\/?s={search_term_string}\"},\"query-input\":{\"@type\":\"PropertyValueSpecification\",\"valueRequired\":true,\"valueName\":\"search_term_string\"}}],\"inLanguage\":\"nl-NL\"},{\"@type\":\"Organization\",\"@id\":\"https:\/\/www.lamaisonfives.com\/nl\/#organization\",\"name\":\"La Liti\u00e8re - Expressions & R\u00e9flexions\",\"url\":\"https:\/\/www.lamaisonfives.com\/nl\/\",\"logo\":{\"@type\":\"ImageObject\",\"inLanguage\":\"nl-NL\",\"@id\":\"https:\/\/www.lamaisonfives.com\/nl\/#\/schema\/logo\/image\/\",\"url\":\"https:\/\/www.lamaisonfives.com\/wp-content\/uploads\/2023\/06\/cropped-logo-la-litiere2.png\",\"contentUrl\":\"https:\/\/www.lamaisonfives.com\/wp-content\/uploads\/2023\/06\/cropped-logo-la-litiere2.png\",\"width\":512,\"height\":512,\"caption\":\"La Liti\u00e8re - Expressions & R\u00e9flexions\"},\"image\":{\"@id\":\"https:\/\/www.lamaisonfives.com\/nl\/#\/schema\/logo\/image\/\"},\"sameAs\":[\"https:\/\/www.facebook.com\/lalitiere.co\"]}]}<\/script>\n<!-- \/ Yoast SEO plugin. -->","yoast_head_json":{"title":"Cloche \u00e0 fromage en c\u00e9ramique artisanale \u2013 gr\u00e8s blanc pyrit\u00e9, bouton ros\u00e9, tourn\u00e9e main \u00e0 Lille Fives - La Maison Fives","robots":{"index":"index","follow":"follow","max-snippet":"max-snippet:-1","max-image-preview":"max-image-preview:large","max-video-preview":"max-video-preview:-1"},"canonical":"https:\/\/www.lamaisonfives.com\/nl\/produit\/cloche-fromage-gres-blanc-bouton-rose-artisanale\/","og_locale":"nl_NL","og_type":"article","og_title":"Cloche \u00e0 fromage en c\u00e9ramique artisanale \u2013 gr\u00e8s blanc pyrit\u00e9, bouton ros\u00e9, tourn\u00e9e main \u00e0 Lille Fives - La Maison Fives","og_description":"Cloche \u00e0 fromage ou beurrier en c\u00e9ramique artisanale, fa\u00e7onn\u00e9 \u00e0 la main \u00e0 Lille Fives en gr\u00e8s blanc pyrit\u00e9. \u00c9maill\u00e9e avec un fini brillant, elle laisse appara\u00eetre la texture naturelle de la terre. Son bouton l\u00e9g\u00e8rement ros\u00e9 apporte une touche singuli\u00e8re et douce. Le socle de 16 cm s\u2019accorde parfaitement avec la cloche de 14,5 cm. Un bel objet du quotidien, \u00e0 la fois utile et d\u00e9coratif, sign\u00e9 La Maison Fives.","og_url":"https:\/\/www.lamaisonfives.com\/nl\/produit\/cloche-fromage-gres-blanc-bouton-rose-artisanale\/","og_site_name":"La Maison Fives","article_publisher":"https:\/\/www.facebook.com\/lalitiere.co","article_modified_time":"2025-06-26T14:57:14+00:00","og_image":[{"width":2560,"height":2348,"url":"https:\/\/www.lamaisonfives.com\/wp-content\/uploads\/2025\/06\/20250612_124653-scaled.jpg","type":"image\/jpeg"}],"twitter_card":"summary_large_image","twitter_misc":{"Geschatte leestijd":"2 minuut"},"schema":{"@context":"https:\/\/schema.org","@graph":[{"@type":"WebPage","@id":"https:\/\/www.lamaisonfives.com\/nl\/produit\/cloche-fromage-gres-blanc-bouton-rose-artisanale\/","url":"https:\/\/www.lamaisonfives.com\/nl\/produit\/cloche-fromage-gres-blanc-bouton-rose-artisanale\/","name":"Cloche \u00e0 fromage en c\u00e9ramique artisanale \u2013 gr\u00e8s blanc pyrit\u00e9, bouton ros\u00e9, tourn\u00e9e main \u00e0 Lille Fives - La Maison Fives","isPartOf":{"@id":"https:\/\/www.lamaisonfives.com\/nl\/#website"},"primaryImageOfPage":{"@id":"https:\/\/www.lamaisonfives.com\/nl\/produit\/cloche-fromage-gres-blanc-bouton-rose-artisanale\/#primaryimage"},"image":{"@id":"https:\/\/www.lamaisonfives.com\/nl\/produit\/cloche-fromage-gres-blanc-bouton-rose-artisanale\/#primaryimage"},"thumbnailUrl":"https:\/\/www.lamaisonfives.com\/wp-content\/uploads\/2025\/06\/20250612_124653-scaled.jpg","datePublished":"2025-06-23T15:37:34+00:00","dateModified":"2025-06-26T14:57:14+00:00","breadcrumb":{"@id":"https:\/\/www.lamaisonfives.com\/nl\/produit\/cloche-fromage-gres-blanc-bouton-rose-artisanale\/#breadcrumb"},"inLanguage":"nl-NL","potentialAction":[{"@type":"ReadAction","target":["https:\/\/www.lamaisonfives.com\/nl\/produit\/cloche-fromage-gres-blanc-bouton-rose-artisanale\/"]}]},{"@type":"ImageObject","inLanguage":"nl-NL","@id":"https:\/\/www.lamaisonfives.com\/nl\/produit\/cloche-fromage-gres-blanc-bouton-rose-artisanale\/#primaryimage","url":"https:\/\/www.lamaisonfives.com\/wp-content\/uploads\/2025\/06\/20250612_124653-scaled.jpg","contentUrl":"https:\/\/www.lamaisonfives.com\/wp-content\/uploads\/2025\/06\/20250612_124653-scaled.jpg","width":2560,"height":2348},{"@type":"BreadcrumbList","@id":"https:\/\/www.lamaisonfives.com\/nl\/produit\/cloche-fromage-gres-blanc-bouton-rose-artisanale\/#breadcrumb","itemListElement":[{"@type":"ListItem","position":1,"name":"Accueil","item":"https:\/\/www.lamaisonfives.com\/nl\/la-maison-fives-vijfkamerhotel-atelier-boetiek-lille-fives-cail\/"},{"@type":"ListItem","position":2,"name":"Het Atelier-Boetiek &#8211; LA MAISON FIVES \u2013 Lille Fives Cail","item":"https:\/\/www.lamaisonfives.com\/nl\/winkel\/"},{"@type":"ListItem","position":3,"name":"Cloche \u00e0 fromage en c\u00e9ramique artisanale \u2013 gr\u00e8s blanc pyrit\u00e9, bouton ros\u00e9, tourn\u00e9e main \u00e0 Lille Fives"}]},{"@type":"WebSite","@id":"https:\/\/www.lamaisonfives.com\/nl\/#website","url":"https:\/\/www.lamaisonfives.com\/nl\/","name":"La Liti\u00e8re - Expressions & R\u00e9flexions","description":"Five-Room Hotel &amp; Atelier-Boutique \u00e0 Lille Fives Cail","publisher":{"@id":"https:\/\/www.lamaisonfives.com\/nl\/#organization"},"alternateName":"La Liti\u00e8re","potentialAction":[{"@type":"SearchAction","target":{"@type":"EntryPoint","urlTemplate":"https:\/\/www.lamaisonfives.com\/nl\/?s={search_term_string}"},"query-input":{"@type":"PropertyValueSpecification","valueRequired":true,"valueName":"search_term_string"}}],"inLanguage":"nl-NL"},{"@type":"Organization","@id":"https:\/\/www.lamaisonfives.com\/nl\/#organization","name":"La Liti\u00e8re - Expressions & R\u00e9flexions","url":"https:\/\/www.lamaisonfives.com\/nl\/","logo":{"@type":"ImageObject","inLanguage":"nl-NL","@id":"https:\/\/www.lamaisonfives.com\/nl\/#\/schema\/logo\/image\/","url":"https:\/\/www.lamaisonfives.com\/wp-content\/uploads\/2023\/06\/cropped-logo-la-litiere2.png","contentUrl":"https:\/\/www.lamaisonfives.com\/wp-content\/uploads\/2023\/06\/cropped-logo-la-litiere2.png","width":512,"height":512,"caption":"La Liti\u00e8re - Expressions & R\u00e9flexions"},"image":{"@id":"https:\/\/www.lamaisonfives.com\/nl\/#\/schema\/logo\/image\/"},"sameAs":["https:\/\/www.facebook.com\/lalitiere.co"]}]}},"jetpack_sharing_enabled":true,"_links":{"self":[{"href":"https:\/\/www.lamaisonfives.com\/nl\/wp-json\/wp\/v2\/product\/4813","targetHints":{"allow":["GET"]}}],"collection":[{"href":"https:\/\/www.lamaisonfives.com\/nl\/wp-json\/wp\/v2\/product"}],"about":[{"href":"https:\/\/www.lamaisonfives.com\/nl\/wp-json\/wp\/v2\/types\/product"}],"replies":[{"embeddable":true,"href":"https:\/\/www.lamaisonfives.com\/nl\/wp-json\/wp\/v2\/comments?post=4813"}],"wp:featuredmedia":[{"embeddable":true,"href":"https:\/\/www.lamaisonfives.com\/nl\/wp-json\/wp\/v2\/media\/4814"}],"wp:attachment":[{"href":"https:\/\/www.lamaisonfives.com\/nl\/wp-json\/wp\/v2\/media?parent=4813"}],"wp:term":[{"taxonomy":"product_brand","embeddable":true,"href":"https:\/\/www.lamaisonfives.com\/nl\/wp-json\/wp\/v2\/product_brand?post=4813"},{"taxonomy":"product_cat","embeddable":true,"href":"https:\/\/www.lamaisonfives.com\/nl\/wp-json\/wp\/v2\/product_cat?post=4813"},{"taxonomy":"product_tag","embeddable":true,"href":"https:\/\/www.lamaisonfives.com\/nl\/wp-json\/wp\/v2\/product_tag?post=4813"}],"curies":[{"name":"wp","href":"https:\/\/api.w.org\/{rel}","templated":true}]}}