{"id":906,"date":"2024-06-22T12:04:24","date_gmt":"2024-06-22T10:04:24","guid":{"rendered":"https:\/\/www.lamaisonfolia.com\/?post_type=product&#038;p=906"},"modified":"2024-06-22T15:05:28","modified_gmt":"2024-06-22T13:05:28","slug":"le-canard-et-largent-par-ben-milan","status":"publish","type":"product","link":"https:\/\/www.lamaisonfives.com\/nl\/produit\/le-canard-et-largent-par-ben-milan\/","title":{"rendered":"&#8220;Le canard et l&#8217;argent&#8221; : r\u00e9flexions sur la cupidit\u00e9 et la valeur dans un monde de caricatures"},"content":{"rendered":"<p>[et_pb_section fb_built=&#8221;1&#8243; _builder_version=&#8221;4.23.1&#8243; custom_padding=&#8221;0px||||false|false&#8221; global_colors_info=&#8221;{}&#8221;][et_pb_row _builder_version=&#8221;4.16&#8243; background_size=&#8221;initial&#8221; background_position=&#8221;top_left&#8221; background_repeat=&#8221;repeat&#8221; width=&#8221;100%&#8221; custom_margin=&#8221;-3px|auto||auto||&#8221; custom_padding=&#8221;0px||0px||false|false&#8221; global_colors_info=&#8221;{}&#8221;][et_pb_column type=&#8221;4_4&#8243; _builder_version=&#8221;4.16&#8243; custom_padding=&#8221;|||&#8221; global_colors_info=&#8221;{}&#8221; custom_padding__hover=&#8221;|||&#8221;][et_pb_wc_breadcrumb _builder_version=&#8221;4.16&#8243; global_colors_info=&#8221;{}&#8221;][\/et_pb_wc_breadcrumb][et_pb_wc_cart_notice _builder_version=&#8221;4.23.1&#8243; title_font_size=&#8221;14px&#8221; background_color=&#8221;#0a0000&#8243; custom_button=&#8221;on&#8221; button_text_color=&#8221;#0a0a0a&#8221; button_border_color=&#8221;#ffffff&#8221; global_colors_info=&#8221;{}&#8221;][\/et_pb_wc_cart_notice][\/et_pb_column][\/et_pb_row][et_pb_row column_structure=&#8221;1_2,1_2&#8243; disabled_on=&#8221;on|on|on&#8221; _builder_version=&#8221;4.23.1&#8243; background_size=&#8221;initial&#8221; background_position=&#8221;top_left&#8221; background_repeat=&#8221;repeat&#8221; width=&#8221;100%&#8221; custom_padding=&#8221;0px||||false|false&#8221; disabled=&#8221;on&#8221; global_colors_info=&#8221;{}&#8221;][et_pb_column type=&#8221;1_2&#8243; _builder_version=&#8221;4.16&#8243; custom_padding=&#8221;|||&#8221; global_colors_info=&#8221;{}&#8221; custom_padding__hover=&#8221;|||&#8221;][et_pb_wc_images _builder_version=&#8221;4.16&#8243; global_colors_info=&#8221;{}&#8221;][\/et_pb_wc_images][\/et_pb_column][et_pb_column type=&#8221;1_2&#8243; _builder_version=&#8221;4.16&#8243; custom_padding=&#8221;|||&#8221; global_colors_info=&#8221;{}&#8221; custom_padding__hover=&#8221;|||&#8221;][et_pb_wc_title _builder_version=&#8221;4.23.1&#8243; header_font=&#8221;|300|||||||&#8221; header_font_size=&#8221;27px&#8221; header_line_height=&#8221;1.3em&#8221; global_colors_info=&#8221;{}&#8221;][\/et_pb_wc_title][et_pb_wc_rating _builder_version=&#8221;4.23.1&#8243; rating_text_color=&#8221;#0a0a0a&#8221; body_text_color=&#8221;#0a0a0a&#8221; global_colors_info=&#8221;{}&#8221;][\/et_pb_wc_rating][et_pb_wc_price _builder_version=&#8221;4.23.1&#8243; body_text_color=&#8221;#0a0000&#8243; global_colors_info=&#8221;{}&#8221;][\/et_pb_wc_price][et_pb_wc_description _builder_version=&#8221;4.16&#8243; global_colors_info=&#8221;{}&#8221;][\/et_pb_wc_description][et_pb_wc_add_to_cart _builder_version=&#8221;4.23.1&#8243; custom_button=&#8221;on&#8221; button_text_size=&#8221;15px&#8221; button_text_color=&#8221;#111111&#8243; button_border_radius=&#8221;3px&#8221; button_custom_margin=&#8221;|||-24px|false|false&#8221; custom_padding=&#8221;|||0px||&#8221; global_colors_info=&#8221;{}&#8221;][\/et_pb_wc_add_to_cart][et_pb_wc_meta show_sku=&#8221;off&#8221; show_categories=&#8221;off&#8221; show_tags=&#8221;off&#8221; _builder_version=&#8221;4.23.1&#8243; global_colors_info=&#8221;{}&#8221;][\/et_pb_wc_meta][\/et_pb_column][\/et_pb_row][et_pb_row _builder_version=&#8221;4.16&#8243; background_size=&#8221;initial&#8221; background_position=&#8221;top_left&#8221; background_repeat=&#8221;repeat&#8221; width=&#8221;100%&#8221; global_colors_info=&#8221;{}&#8221;][et_pb_column type=&#8221;4_4&#8243; _builder_version=&#8221;4.16&#8243; custom_padding=&#8221;|||&#8221; global_colors_info=&#8221;{}&#8221; custom_padding__hover=&#8221;|||&#8221;][et_pb_wc_tabs _builder_version=&#8221;4.16&#8243; global_colors_info=&#8221;{}&#8221;] [\/et_pb_wc_tabs][et_pb_wc_upsells _builder_version=&#8221;4.16&#8243; global_colors_info=&#8221;{}&#8221;][\/et_pb_wc_upsells][et_pb_wc_related_products _builder_version=&#8221;4.23.1&#8243; title_font_size=&#8221;23px&#8221; product_title_font=&#8221;||||||||&#8221; product_title_font_size=&#8221;15px&#8221; product_title_line_height=&#8221;1.5em&#8221; price_text_align=&#8221;right&#8221; price_font_size=&#8221;17px&#8221; global_colors_info=&#8221;{}&#8221;][\/et_pb_wc_related_products][\/et_pb_column][\/et_pb_row][\/et_pb_section]<\/p>\n","protected":false},"excerpt":{"rendered":"<p class=\"p1\">\u00c0 travers l\u2019incorporation de plumes r\u00e9elles et d\u2019un vrai dollar, cette cr\u00e9ation revisite la caricature de Picsou, soulignant le contraste absurde entre la cupidit\u00e9 humaine et sa repr\u00e9sentation enfantine dans un canard obs\u00e9d\u00e9 par l\u2019argent.<\/p>\n","protected":false},"featured_media":907,"comment_status":"open","ping_status":"closed","template":"","meta":{"_et_pb_use_builder":"on","_et_pb_old_content":"<p class=\"p1\"><b>Caricature et Cupidit\u00e9: Une R\u00e9flexion sur Picsou\r\n<\/b>Dans l\u2019atelier de la Maison Folia, une image tir\u00e9e d\u2019un magazine Picsou interpelle l\u2019artiste. Ce canard anthropomorphis\u00e9, c\u00e9l\u00e8bre pour son amour excessif de l\u2019argent, symbolise un aspect grotesque de la cupidit\u00e9 humaine. Ce personnage, qui d\u00e9sire l\u2019argent pour l\u2019argent m\u00eame, sans but autre que sa propre richesse, est une satire vivante des pires traits de l\u2019avarice humaine, d\u00e9peinte ici de mani\u00e8re \u00e0 la fois ridicule et r\u00e9fl\u00e9chie. Pourquoi un canard ? Cette question soul\u00e8ve la bizarrerie de conf\u00e9rer des traits si humains et corrompus \u00e0 un animal innocent.<\/p>\r\n<p class=\"p1\"><b>Renaturalisation par l\u2019Art\r\n<\/b>L\u2019\u0153uvre int\u00e8gre des plumes v\u00e9ritables sur l\u2019image du canard, lui redonnant un aspect plus tangible et tridimensionnel. Cette addition donne une touche de r\u00e9alit\u00e9 au personnage cartoon, rappelant qu\u2019au-del\u00e0 de l\u2019absurdit\u00e9 de son obsession, il existe une connexion oubli\u00e9e avec le naturel, le r\u00e9el. En parall\u00e8le, l\u2019introduction d\u2019un vrai billet de dollar questionne la nature m\u00eame de l\u2019argent : un simple morceau de papier, un m\u00e9tal, ou, dans l\u2019\u00e8re moderne, un chiffre sur un \u00e9cran. Que repr\u00e9sente r\u00e9ellement l\u2019argent si ce n\u2019est une valeur que nous avons tous accept\u00e9 ?<\/p>\r\n<p class=\"p1\"><b>Influence de l\u2019Art Moderne et la Culture Populaire\r\n<\/b><b><\/b>Cette \u0153uvre \u00e9voque les provocations artistiques de Paul McCarthy, qui expose des figures de dessins anim\u00e9s \u00e0 des r\u00e9alit\u00e9s crues, et de Ren\u00e9 Magritte, qui remettait en question l\u2019identit\u00e9 des objets repr\u00e9sent\u00e9s dans ses \u0153uvres, comme dans \u201cCeci n\u2019est pas une pipe\u201d. De m\u00eame, en ajoutant des \u00e9l\u00e9ments r\u00e9els \u00e0 une image de dessin anim\u00e9, Ben force le spectateur \u00e0 consid\u00e9rer ce qui est r\u00e9ellement repr\u00e9sent\u00e9 versus la perception habituelle. L\u2019argent, les plumes, et le canard caricatural posent alors la question: si cela \u00e9tait r\u00e9el, ne serait-ce pas absurde ?<\/p>\r\n<p class=\"p1\"><b>L\u2019Absurde en Question\r\n<\/b>Ce travail enrichit le dialogue sur l\u2019art et la culture populaire en confrontant le spectateur \u00e0 l\u2019absurdit\u00e9 d\u2019un monde o\u00f9 la valeur est mise sur des concepts aussi \u00e9ph\u00e9m\u00e8res et manipulables que l\u2019argent. Picsou, avec son coffre de pi\u00e8ces inutiles pour un canard, devient un miroir de nos propres contradictions et de notre poursuite parfois insens\u00e9e de la richesse.<\/p>\r\n<p class=\"p1\"><b>Un Canard, une Critique\r\n<\/b>En exposant cette pi\u00e8ce sur un piano, l\u2019\u0153uvre transcende sa nature de simple d\u00e9cor pour devenir un commentaire continu sur la soci\u00e9t\u00e9, stimulant la r\u00e9flexion sur la signification et l\u2019impact de notre attachement aux richesses mat\u00e9rielles. Avec ce travail, Ben ne se contente pas de cr\u00e9er une image; il construit un espace de questionnement sur les valeurs qui r\u00e9gissent notre monde.<\/p>","_et_gb_content_width":""},"product_brand":[],"product_cat":[50],"product_tag":[],"class_list":{"0":"post-906","1":"product","2":"type-product","3":"status-publish","4":"has-post-thumbnail","6":"product_cat-creations-artistiques","8":"first","9":"instock","10":"shipping-taxable","11":"purchasable","12":"product-type-simple"},"yoast_head":"<!-- This site is optimized with the Yoast SEO plugin v25.2 - https:\/\/yoast.com\/wordpress\/plugins\/seo\/ -->\n<title>&quot;Le canard et l&#039;argent&quot; : r\u00e9flexions sur la cupidit\u00e9 et la valeur dans un monde de caricatures - La Maison Fives<\/title>\n<meta name=\"description\" content=\"\u00c0 travers l\u2019incorporation de plumes r\u00e9elles et d\u2019un vrai dollar, cette cr\u00e9ation revisite la caricature de Picsou, soulignant le contraste absurde entre la cupidit\u00e9 humaine et sa repr\u00e9sentation enfantine dans un canard obs\u00e9d\u00e9 par l\u2019argent.\" \/>\n<meta name=\"robots\" content=\"index, follow, max-snippet:-1, max-image-preview:large, max-video-preview:-1\" \/>\n<link rel=\"canonical\" href=\"https:\/\/www.lamaisonfives.com\/nl\/produit\/le-canard-et-largent-par-ben-milan\/\" \/>\n<meta property=\"og:locale\" content=\"nl_NL\" \/>\n<meta property=\"og:type\" content=\"article\" \/>\n<meta property=\"og:title\" content=\"&quot;Le canard et l&#039;argent&quot; : r\u00e9flexions sur la cupidit\u00e9 et la valeur dans un monde de caricatures - La Maison Fives\" \/>\n<meta property=\"og:description\" content=\"\u00c0 travers l\u2019incorporation de plumes r\u00e9elles et d\u2019un vrai dollar, cette cr\u00e9ation revisite la caricature de Picsou, soulignant le contraste absurde entre la cupidit\u00e9 humaine et sa repr\u00e9sentation enfantine dans un canard obs\u00e9d\u00e9 par l\u2019argent.\" \/>\n<meta property=\"og:url\" content=\"https:\/\/www.lamaisonfives.com\/nl\/produit\/le-canard-et-largent-par-ben-milan\/\" \/>\n<meta property=\"og:site_name\" content=\"La Maison Fives\" \/>\n<meta property=\"article:publisher\" content=\"https:\/\/www.facebook.com\/lalitiere.co\" \/>\n<meta property=\"article:modified_time\" content=\"2024-06-22T13:05:28+00:00\" \/>\n<meta property=\"og:image\" content=\"https:\/\/www.lamaisonfives.com\/wp-content\/uploads\/2024\/06\/20240621_162924-scaled.jpg\" \/>\n\t<meta property=\"og:image:width\" content=\"2560\" \/>\n\t<meta property=\"og:image:height\" content=\"1859\" \/>\n\t<meta property=\"og:image:type\" content=\"image\/jpeg\" \/>\n<meta name=\"twitter:card\" content=\"summary_large_image\" \/>\n<meta name=\"twitter:label1\" content=\"Geschatte leestijd\" \/>\n\t<meta name=\"twitter:data1\" content=\"1 minuut\" \/>\n<script type=\"application\/ld+json\" class=\"yoast-schema-graph\">{\"@context\":\"https:\/\/schema.org\",\"@graph\":[{\"@type\":\"WebPage\",\"@id\":\"https:\/\/www.lamaisonfives.com\/nl\/produit\/le-canard-et-largent-par-ben-milan\/\",\"url\":\"https:\/\/www.lamaisonfives.com\/nl\/produit\/le-canard-et-largent-par-ben-milan\/\",\"name\":\"\\\"Le canard et l'argent\\\" : r\u00e9flexions sur la cupidit\u00e9 et la valeur dans un monde de caricatures - La Maison Fives\",\"isPartOf\":{\"@id\":\"https:\/\/www.lamaisonfives.com\/nl\/#website\"},\"primaryImageOfPage\":{\"@id\":\"https:\/\/www.lamaisonfives.com\/nl\/produit\/le-canard-et-largent-par-ben-milan\/#primaryimage\"},\"image\":{\"@id\":\"https:\/\/www.lamaisonfives.com\/nl\/produit\/le-canard-et-largent-par-ben-milan\/#primaryimage\"},\"thumbnailUrl\":\"https:\/\/www.lamaisonfives.com\/wp-content\/uploads\/2024\/06\/20240621_162924-scaled.jpg\",\"datePublished\":\"2024-06-22T10:04:24+00:00\",\"dateModified\":\"2024-06-22T13:05:28+00:00\",\"description\":\"\u00c0 travers l\u2019incorporation de plumes r\u00e9elles et d\u2019un vrai dollar, cette cr\u00e9ation revisite la caricature de Picsou, soulignant le contraste absurde entre la cupidit\u00e9 humaine et sa repr\u00e9sentation enfantine dans un canard obs\u00e9d\u00e9 par l\u2019argent.\",\"breadcrumb\":{\"@id\":\"https:\/\/www.lamaisonfives.com\/nl\/produit\/le-canard-et-largent-par-ben-milan\/#breadcrumb\"},\"inLanguage\":\"nl-NL\",\"potentialAction\":[{\"@type\":\"ReadAction\",\"target\":[\"https:\/\/www.lamaisonfives.com\/nl\/produit\/le-canard-et-largent-par-ben-milan\/\"]}]},{\"@type\":\"ImageObject\",\"inLanguage\":\"nl-NL\",\"@id\":\"https:\/\/www.lamaisonfives.com\/nl\/produit\/le-canard-et-largent-par-ben-milan\/#primaryimage\",\"url\":\"https:\/\/www.lamaisonfives.com\/wp-content\/uploads\/2024\/06\/20240621_162924-scaled.jpg\",\"contentUrl\":\"https:\/\/www.lamaisonfives.com\/wp-content\/uploads\/2024\/06\/20240621_162924-scaled.jpg\",\"width\":2560,\"height\":1859},{\"@type\":\"BreadcrumbList\",\"@id\":\"https:\/\/www.lamaisonfives.com\/nl\/produit\/le-canard-et-largent-par-ben-milan\/#breadcrumb\",\"itemListElement\":[{\"@type\":\"ListItem\",\"position\":1,\"name\":\"Accueil\",\"item\":\"https:\/\/www.lamaisonfives.com\/nl\/la-maison-fives-vijfkamerhotel-atelier-boetiek-lille-fives-cail\/\"},{\"@type\":\"ListItem\",\"position\":2,\"name\":\"Het Atelier-Boetiek &#8211; LA MAISON FIVES \u2013 Lille Fives Cail\",\"item\":\"https:\/\/www.lamaisonfives.com\/nl\/winkel\/\"},{\"@type\":\"ListItem\",\"position\":3,\"name\":\"\u00ab\u00a0Le canard et l&rsquo;argent\u00a0\u00bb : r\u00e9flexions sur la cupidit\u00e9 et la valeur dans un monde de caricatures\"}]},{\"@type\":\"WebSite\",\"@id\":\"https:\/\/www.lamaisonfives.com\/nl\/#website\",\"url\":\"https:\/\/www.lamaisonfives.com\/nl\/\",\"name\":\"La Liti\u00e8re - Expressions & R\u00e9flexions\",\"description\":\"Five-Room Hotel &amp; Atelier-Boutique \u00e0 Lille Fives Cail\",\"publisher\":{\"@id\":\"https:\/\/www.lamaisonfives.com\/nl\/#organization\"},\"alternateName\":\"La Liti\u00e8re\",\"potentialAction\":[{\"@type\":\"SearchAction\",\"target\":{\"@type\":\"EntryPoint\",\"urlTemplate\":\"https:\/\/www.lamaisonfives.com\/nl\/?s={search_term_string}\"},\"query-input\":{\"@type\":\"PropertyValueSpecification\",\"valueRequired\":true,\"valueName\":\"search_term_string\"}}],\"inLanguage\":\"nl-NL\"},{\"@type\":\"Organization\",\"@id\":\"https:\/\/www.lamaisonfives.com\/nl\/#organization\",\"name\":\"La Liti\u00e8re - Expressions & R\u00e9flexions\",\"url\":\"https:\/\/www.lamaisonfives.com\/nl\/\",\"logo\":{\"@type\":\"ImageObject\",\"inLanguage\":\"nl-NL\",\"@id\":\"https:\/\/www.lamaisonfives.com\/nl\/#\/schema\/logo\/image\/\",\"url\":\"https:\/\/www.lamaisonfives.com\/wp-content\/uploads\/2023\/06\/cropped-logo-la-litiere2.png\",\"contentUrl\":\"https:\/\/www.lamaisonfives.com\/wp-content\/uploads\/2023\/06\/cropped-logo-la-litiere2.png\",\"width\":512,\"height\":512,\"caption\":\"La Liti\u00e8re - Expressions & R\u00e9flexions\"},\"image\":{\"@id\":\"https:\/\/www.lamaisonfives.com\/nl\/#\/schema\/logo\/image\/\"},\"sameAs\":[\"https:\/\/www.facebook.com\/lalitiere.co\"]}]}<\/script>\n<!-- \/ Yoast SEO plugin. -->","yoast_head_json":{"title":"\"Le canard et l'argent\" : r\u00e9flexions sur la cupidit\u00e9 et la valeur dans un monde de caricatures - La Maison Fives","description":"\u00c0 travers l\u2019incorporation de plumes r\u00e9elles et d\u2019un vrai dollar, cette cr\u00e9ation revisite la caricature de Picsou, soulignant le contraste absurde entre la cupidit\u00e9 humaine et sa repr\u00e9sentation enfantine dans un canard obs\u00e9d\u00e9 par l\u2019argent.","robots":{"index":"index","follow":"follow","max-snippet":"max-snippet:-1","max-image-preview":"max-image-preview:large","max-video-preview":"max-video-preview:-1"},"canonical":"https:\/\/www.lamaisonfives.com\/nl\/produit\/le-canard-et-largent-par-ben-milan\/","og_locale":"nl_NL","og_type":"article","og_title":"\"Le canard et l'argent\" : r\u00e9flexions sur la cupidit\u00e9 et la valeur dans un monde de caricatures - La Maison Fives","og_description":"\u00c0 travers l\u2019incorporation de plumes r\u00e9elles et d\u2019un vrai dollar, cette cr\u00e9ation revisite la caricature de Picsou, soulignant le contraste absurde entre la cupidit\u00e9 humaine et sa repr\u00e9sentation enfantine dans un canard obs\u00e9d\u00e9 par l\u2019argent.","og_url":"https:\/\/www.lamaisonfives.com\/nl\/produit\/le-canard-et-largent-par-ben-milan\/","og_site_name":"La Maison Fives","article_publisher":"https:\/\/www.facebook.com\/lalitiere.co","article_modified_time":"2024-06-22T13:05:28+00:00","og_image":[{"width":2560,"height":1859,"url":"https:\/\/www.lamaisonfives.com\/wp-content\/uploads\/2024\/06\/20240621_162924-scaled.jpg","type":"image\/jpeg"}],"twitter_card":"summary_large_image","twitter_misc":{"Geschatte leestijd":"1 minuut"},"schema":{"@context":"https:\/\/schema.org","@graph":[{"@type":"WebPage","@id":"https:\/\/www.lamaisonfives.com\/nl\/produit\/le-canard-et-largent-par-ben-milan\/","url":"https:\/\/www.lamaisonfives.com\/nl\/produit\/le-canard-et-largent-par-ben-milan\/","name":"\"Le canard et l'argent\" : r\u00e9flexions sur la cupidit\u00e9 et la valeur dans un monde de caricatures - La Maison Fives","isPartOf":{"@id":"https:\/\/www.lamaisonfives.com\/nl\/#website"},"primaryImageOfPage":{"@id":"https:\/\/www.lamaisonfives.com\/nl\/produit\/le-canard-et-largent-par-ben-milan\/#primaryimage"},"image":{"@id":"https:\/\/www.lamaisonfives.com\/nl\/produit\/le-canard-et-largent-par-ben-milan\/#primaryimage"},"thumbnailUrl":"https:\/\/www.lamaisonfives.com\/wp-content\/uploads\/2024\/06\/20240621_162924-scaled.jpg","datePublished":"2024-06-22T10:04:24+00:00","dateModified":"2024-06-22T13:05:28+00:00","description":"\u00c0 travers l\u2019incorporation de plumes r\u00e9elles et d\u2019un vrai dollar, cette cr\u00e9ation revisite la caricature de Picsou, soulignant le contraste absurde entre la cupidit\u00e9 humaine et sa repr\u00e9sentation enfantine dans un canard obs\u00e9d\u00e9 par l\u2019argent.","breadcrumb":{"@id":"https:\/\/www.lamaisonfives.com\/nl\/produit\/le-canard-et-largent-par-ben-milan\/#breadcrumb"},"inLanguage":"nl-NL","potentialAction":[{"@type":"ReadAction","target":["https:\/\/www.lamaisonfives.com\/nl\/produit\/le-canard-et-largent-par-ben-milan\/"]}]},{"@type":"ImageObject","inLanguage":"nl-NL","@id":"https:\/\/www.lamaisonfives.com\/nl\/produit\/le-canard-et-largent-par-ben-milan\/#primaryimage","url":"https:\/\/www.lamaisonfives.com\/wp-content\/uploads\/2024\/06\/20240621_162924-scaled.jpg","contentUrl":"https:\/\/www.lamaisonfives.com\/wp-content\/uploads\/2024\/06\/20240621_162924-scaled.jpg","width":2560,"height":1859},{"@type":"BreadcrumbList","@id":"https:\/\/www.lamaisonfives.com\/nl\/produit\/le-canard-et-largent-par-ben-milan\/#breadcrumb","itemListElement":[{"@type":"ListItem","position":1,"name":"Accueil","item":"https:\/\/www.lamaisonfives.com\/nl\/la-maison-fives-vijfkamerhotel-atelier-boetiek-lille-fives-cail\/"},{"@type":"ListItem","position":2,"name":"Het Atelier-Boetiek &#8211; LA MAISON FIVES \u2013 Lille Fives Cail","item":"https:\/\/www.lamaisonfives.com\/nl\/winkel\/"},{"@type":"ListItem","position":3,"name":"\u00ab\u00a0Le canard et l&rsquo;argent\u00a0\u00bb : r\u00e9flexions sur la cupidit\u00e9 et la valeur dans un monde de caricatures"}]},{"@type":"WebSite","@id":"https:\/\/www.lamaisonfives.com\/nl\/#website","url":"https:\/\/www.lamaisonfives.com\/nl\/","name":"La Liti\u00e8re - Expressions & R\u00e9flexions","description":"Five-Room Hotel &amp; Atelier-Boutique \u00e0 Lille Fives Cail","publisher":{"@id":"https:\/\/www.lamaisonfives.com\/nl\/#organization"},"alternateName":"La Liti\u00e8re","potentialAction":[{"@type":"SearchAction","target":{"@type":"EntryPoint","urlTemplate":"https:\/\/www.lamaisonfives.com\/nl\/?s={search_term_string}"},"query-input":{"@type":"PropertyValueSpecification","valueRequired":true,"valueName":"search_term_string"}}],"inLanguage":"nl-NL"},{"@type":"Organization","@id":"https:\/\/www.lamaisonfives.com\/nl\/#organization","name":"La Liti\u00e8re - Expressions & R\u00e9flexions","url":"https:\/\/www.lamaisonfives.com\/nl\/","logo":{"@type":"ImageObject","inLanguage":"nl-NL","@id":"https:\/\/www.lamaisonfives.com\/nl\/#\/schema\/logo\/image\/","url":"https:\/\/www.lamaisonfives.com\/wp-content\/uploads\/2023\/06\/cropped-logo-la-litiere2.png","contentUrl":"https:\/\/www.lamaisonfives.com\/wp-content\/uploads\/2023\/06\/cropped-logo-la-litiere2.png","width":512,"height":512,"caption":"La Liti\u00e8re - Expressions & R\u00e9flexions"},"image":{"@id":"https:\/\/www.lamaisonfives.com\/nl\/#\/schema\/logo\/image\/"},"sameAs":["https:\/\/www.facebook.com\/lalitiere.co"]}]}},"jetpack_sharing_enabled":true,"_links":{"self":[{"href":"https:\/\/www.lamaisonfives.com\/nl\/wp-json\/wp\/v2\/product\/906","targetHints":{"allow":["GET"]}}],"collection":[{"href":"https:\/\/www.lamaisonfives.com\/nl\/wp-json\/wp\/v2\/product"}],"about":[{"href":"https:\/\/www.lamaisonfives.com\/nl\/wp-json\/wp\/v2\/types\/product"}],"replies":[{"embeddable":true,"href":"https:\/\/www.lamaisonfives.com\/nl\/wp-json\/wp\/v2\/comments?post=906"}],"wp:featuredmedia":[{"embeddable":true,"href":"https:\/\/www.lamaisonfives.com\/nl\/wp-json\/wp\/v2\/media\/907"}],"wp:attachment":[{"href":"https:\/\/www.lamaisonfives.com\/nl\/wp-json\/wp\/v2\/media?parent=906"}],"wp:term":[{"taxonomy":"product_brand","embeddable":true,"href":"https:\/\/www.lamaisonfives.com\/nl\/wp-json\/wp\/v2\/product_brand?post=906"},{"taxonomy":"product_cat","embeddable":true,"href":"https:\/\/www.lamaisonfives.com\/nl\/wp-json\/wp\/v2\/product_cat?post=906"},{"taxonomy":"product_tag","embeddable":true,"href":"https:\/\/www.lamaisonfives.com\/nl\/wp-json\/wp\/v2\/product_tag?post=906"}],"curies":[{"name":"wp","href":"https:\/\/api.w.org\/{rel}","templated":true}]}}